{"id":6208,"date":"2023-09-01T13:32:19","date_gmt":"2023-09-01T16:32:19","guid":{"rendered":"https:\/\/www.frateschi.com.br\/web\/?page_id=6208"},"modified":"2024-03-05T15:12:40","modified_gmt":"2024-03-05T18:12:40","slug":"55-anos-frateschi","status":"publish","type":"page","link":"https:\/\/www.frateschi.com.br\/site\/empresa\/55-anos-frateschi\/","title":{"rendered":"Frateschi 55 Anos"},"content":{"rendered":"\n<h1>\n\t\tFrateschi >\u00a0Empresa\n\t<\/h1>\n<h1>\n\t\tFrateschi 55 Anos\n\t<\/h1>\n\t<p>A FRATESCHI completou seu 55\u00ba anivers\u00e1rio em 18 de agosto de 2022. Julgamos oportuno para aqueles que ainda n\u00e3o a conhecem relatar novamente alguns aspectos hist\u00f3ricos, desde sua funda\u00e7\u00e3o, sua rela\u00e7\u00e3o com as estrat\u00e9gias adotadas e influ\u00eancias recebidas para que se tornasse poss\u00edvel celebrar essa data.<\/p>\n<p>A FRATESCHI, com a atual raz\u00e3o social de IND\u00daSTRIAS REUNIDAS FRATESCHI LTDA, de 08\/67, \u00e9 sucessora da F\u00e1brica de Brinquedos Frateschi, fundada em 1958, por Galileu Frateschi.<\/p>\nAquela pequena empresa dedicava-se a produzir brinquedos de madeira e bichos de pel\u00facia, dado que o fundador realizava nela seu sonho de fabricar brinquedos.<br \/>\nPassados os anos, Celso Frateschi dedicara-se ao ferreomodelismo, hobby que contra\u00edra j\u00e1 em 1953, e que praticava com o apoio irrestrito do seu pai, fundador da FRATESCHI.\u00a0Em 2003 juntou-se a nossa equipe Lucas Frateschi representando a 3\u00aa gera\u00e7\u00e3o da fam\u00edlia a se dedicar ao neg\u00f3cio.\n<p>Se contarmos o tempo passado desde o in\u00edcio, teremos 64 anos de pr\u00e1tica cont\u00ednua e exclusiva do ferreomodelismo ou 59 anos desde a funda\u00e7\u00e3o da F\u00e1brica de Brinquedos Frateschi, ou 40 anos de Frateschi, exclusiva pelo e para o ferreomodelismo verde-amarelo.<\/p>\n<p>Estes par\u00e1grafos iniciais nos permitem concluir que a FRATESCHI \u00e9 uma ind\u00fastria vocacionada para o ferreomodelismo, e carregada de um forte idealismo decorrente da mesma voca\u00e7\u00e3o.<\/p>\n<p>Durante a \u00e9poca de sua funda\u00e7\u00e3o, um fabricante de brinquedos dominava o mercado de trens el\u00e9tricos no Brasil: a ex-Atma Paulista. A experi\u00eancia tem mostrado que fabricar tanto modelismo como brinquedos, n\u00e3o tem dado certo, e assim constata-se que os melhores fabricantes de trens el\u00e9tricos, no mundo todo, n\u00e3o s\u00e3o fabricantes de brinquedos, e que as tentativas de alguns fabricantes de brinquedos para a produ\u00e7\u00e3o de trens el\u00e9tricos n\u00e3o foram bem sucedidas. Os exemplos, al\u00e9m da ex-Atma, podem ser encontrados na Fran\u00e7a, It\u00e1lia, EUA, etc&#8230;<\/p>\n<p>Por for\u00e7a do mercado ent\u00e3o existente na \u00e9poca de sua funda\u00e7\u00e3o, e considerando a predomin\u00e2ncia da bitola HO, como ideal para se praticar, entre a ocupa\u00e7\u00e3o de espa\u00e7o e fidelidade dos detalhes, a FRATESCHI fez sua op\u00e7\u00e3o acertada pela bitola HO de 16,5mm. Caso tivesse optado por outra bitola, teria fracassado, por estar na contram\u00e3o do mercado existente e predominante no mundo.<\/p>\n<p>Tendo definido o mercado, e direcionado sua voca\u00e7\u00e3o, a Frateschi acrescentou os ingredientes t\u00e9cnicos para a produ\u00e7\u00e3o de seus pr\u00f3prios moldes, e come\u00e7ou os primeiros projetos para desenvolver seus pr\u00f3prios moldes e ferramentas, tornando-se auto-suficiente, do ponto de vista tecnol\u00f3gico.<\/p>\n<p>Com sua voca\u00e7\u00e3o definida, com o mercado escolhido e com sua capacita\u00e7\u00e3o tecnol\u00f3gica atingida, a FRATESCHI iniciou a fabrica\u00e7\u00e3o dos primeiros vag\u00f5es em 1969 sendo o primeiro deles a gaiola refer\u00eancia 2001, da ex-CMEF, hoje existente em forma de kit para montar.<\/p>\n<p>Outros vag\u00f5es vieram em seguida at\u00e9 chegarmos \u00e0 primeira locomotiva.<\/p>\nEstava definido mais um par\u00e2metro da equa\u00e7\u00e3o de estabilidade da empresa: produzir modelos brasileiros o que foi batizado de &#8220;ferreomodelismo verde &#8211; amarelo&#8221;.<br \/>\nEsta op\u00e7\u00e3o foi certamente a mais importante, entre tantas e tantas outras que a Frateschi teve que tomar ao longo do tempo. De fato, o ferreomodelismo brasileiro n\u00e3o seria t\u00e3o vigoroso caso tivesse continuado na m\u00e3o dos importados, que, ao contr\u00e1rio da Frateschi, com o \u00fanico ideal de faturar, estariam disputando um mercado despersonificado, \u00f3rf\u00e3o de voca\u00e7\u00e3o, e reduzido seria a uma verdadeira salada de modelos sem consist\u00eancia: uma grande colcha de retalhos.\n<p>\u00c9 essencial ressaltar que o Brasil \u00e9 o \u00fanico pa\u00eds do terceiro mundo que possui seu pr\u00f3prio fabricante de trens el\u00e9tricos, e que apesar de todos os problemas criados para desestabilizar a ind\u00fastria nacional, al\u00e9m das interfer\u00eancias externas sobre nossa pol\u00edtica econ\u00f4mica e industrial internas decorrentes da vol\u00fapia de conquistar um mercado de 160 milh\u00f5es de novos consumidores, a Frateschi segue seu curso fundada em algumas premissas b\u00e1sicas:<\/p>\n<p>A) O ferreomodelismo verde &#8211; amarelo \u00e9 a mais sensata forma de parceria entre mercado e fabricante. Os dois se alimentam dele numa simbiose saud\u00e1vel para ambos, por um grande n\u00famero de motivos \u00f3bvios, e sem que um lado se aproveite do outro em causa pr\u00f3pria canibalisticamente.<\/p>\n<p>B) A mola que aciona a Frateschi \u00e9 patrocinar um alastramento do ferreomodelismo, facilitando sua pr\u00e1tica por quem quer que seja. O ferreomodelismo n\u00e3o deve ser privil\u00e9gio de poucos iluminados que det\u00eam a verdade e a habilidade. Essas virtudes ser\u00e3o desenvolvidas por cada um, com o passar do tempo. O hobby precisa crescer para n\u00e3o morrer, e todos s\u00e3o convidados a pratic\u00e1-lo. \u00c9 a oportunidade para novos valores.<\/p>\n<p>C) Nossa qualidade tem crescido sensivelmente ao longo do tempo, e hoje ela passa a incorporar o conceito de que qualidade n\u00e3o se demonstra somente no produto, mas tamb\u00e9m no atendimento \u00e0s lojas e aos ferreomodelistas.<\/p>\n<p>D) Novos lan\u00e7amentos e outras formas de estimular o mercado ser\u00e3o sempre direcionados ao consumidor verde &#8211; amarelo, como forma de consolidar cada vez mais o que foi falado anteriormente.<\/p>\n<p>Passados 55 anos olhamos para frente com os olhos do desafio crescente e de novas oportunidades que se fazem importantes para a manuten\u00e7\u00e3o da empresa no mercado nacional e internacional com uma marca forte e consistente. Sendo refer\u00eancia no segmento no Brasil<\/p>\n<p>Celebre conosco esta grande data voc\u00ea \u00e9 parte desta hist\u00f3ria!<\/p>\n\t\t\t<a href=\"https:\/\/www.frateschi.com.br\/site\/empresa\/55-anos-frateschi\/\" target=\"_self\" rel=\"noopener\">\n\t\t\t\t\t\t\tEmpresa\n\t\t\t\t\t<\/a>\n\t\t\t<a href=\"https:\/\/www.frateschi.com.br\/site\/empresa\/cronologia\/\" target=\"_self\" rel=\"noopener\">\n\t\t\t\t\t\t\tCronologia\n\t\t\t\t\t<\/a>\n\n","protected":false},"excerpt":{"rendered":"<p>Frateschi >\u00a0Empresa Frateschi 55 Anos A FRATESCHI completou seu 55\u00ba anivers\u00e1rio em 18 de agosto de 2022. Julgamos oportuno para aqueles que ainda n\u00e3o a conhecem relatar novamente alguns aspectos hist\u00f3ricos, desde sua funda\u00e7\u00e3o, sua rela\u00e7\u00e3o com as estrat\u00e9gias adotadas e influ\u00eancias recebidas para que se tornasse poss\u00edvel celebrar essa data. A FRATESCHI, com a&hellip;<\/p>\n","protected":false},"author":1,"featured_media":0,"parent":6191,"menu_order":0,"comment_status":"closed","ping_status":"closed","template":"","meta":{"_joinchat":[],"footnotes":""},"class_list":["post-6208","page","type-page","status-publish","hentry"],"_links":{"self":[{"href":"https:\/\/www.frateschi.com.br\/site\/wp-json\/wp\/v2\/pages\/6208","targetHints":{"allow":["GET"]}}],"collection":[{"href":"https:\/\/www.frateschi.com.br\/site\/wp-json\/wp\/v2\/pages"}],"about":[{"href":"https:\/\/www.frateschi.com.br\/site\/wp-json\/wp\/v2\/types\/page"}],"author":[{"embeddable":true,"href":"https:\/\/www.frateschi.com.br\/site\/wp-json\/wp\/v2\/users\/1"}],"replies":[{"embeddable":true,"href":"https:\/\/www.frateschi.com.br\/site\/wp-json\/wp\/v2\/comments?post=6208"}],"version-history":[{"count":5,"href":"https:\/\/www.frateschi.com.br\/site\/wp-json\/wp\/v2\/pages\/6208\/revisions"}],"predecessor-version":[{"id":14359,"href":"https:\/\/www.frateschi.com.br\/site\/wp-json\/wp\/v2\/pages\/6208\/revisions\/14359"}],"up":[{"embeddable":true,"href":"https:\/\/www.frateschi.com.br\/site\/wp-json\/wp\/v2\/pages\/6191"}],"wp:attachment":[{"href":"https:\/\/www.frateschi.com.br\/site\/wp-json\/wp\/v2\/media?parent=6208"}],"curies":[{"name":"wp","href":"https:\/\/api.w.org\/{rel}","templated":true}]}}