{"id":5621,"date":"2021-08-05T16:14:10","date_gmt":"2021-08-05T19:14:10","guid":{"rendered":"https:\/\/www.frateschi.com.br\/web\/?page_id=5621"},"modified":"2023-11-16T15:00:19","modified_gmt":"2023-11-16T18:00:19","slug":"locomotiva-ac44i-ex","status":"publish","type":"page","link":"https:\/\/www.frateschi.com.br\/site\/locomotiva-ac44i-ex\/","title":{"rendered":"Locomotiva AC44i-ex"},"content":{"rendered":"\n\n\t<p>Produtos &gt; Locomotivas<\/p>\n<p>Locomotiva AC44i<\/p>\n\t\t\t\t<img decoding=\"async\" src=\"http:\/\/www.frateschi.com.br\/web\/wp-content\/uploads\/2016\/02\/page-locomotiva-1.jpg\" alt=\"page-locomotiva\" itemprop=\"image\" title=\"page-locomotiva\" onerror=\"this.style.display='none'\"  \/>\n<h6>\n\t\tFoto Real da Locomotiva AC44i da Rumo Log\u00edstica\n\t<\/h6>\n\t<p>A AC44i \u00e9 uma locomotiva de grande porte fabricada em Contagem (MG) pela GE Transportation com um \u00edndice de nacionaliza\u00e7\u00e3o de 63% dos componentes utilizados. Trata-se de uma m\u00e1quina diesel-el\u00e9trica de corrente alternada que entrega uma potencia de 4500HP em seus 195.000Kg. \u00c9 atualmente a locomotiva mais importante da malha ferrovi\u00e1ria nacional e \u00e9 utilizada no transporte das mais diversas commodities como a\u00e7\u00facar, soja, min\u00e9rio de ferro, \u00f3leo, bauxita, etc. Podem ser vistas em opera\u00e7\u00e3o de forma mais ostensiva nos estados de S\u00e3o Paulo, Minas Gerais e Rio de Janeiro onde escoam produtos para o porto de Santos (SP).<\/p>\n<h3>\n\t\tModelos dispon\u00edveis:\n\t<\/h3>\n\t\t\t\t<img loading=\"lazy\" decoding=\"async\" src=\"https:\/\/www.frateschi.com.br\/web\/wp-content\/uploads\/2016\/07\/fra3072g-1.jpg\" alt=\"&lt;h3&gt;3072 - MRS&lt;\/h3&gt;\" itemprop=\"image\" height=\"260\" width=\"900\" title=\"fra3072g-1\" onerror=\"this.style.display='none'\"  \/>\n<h2>\n\t\t3072 &#8211; MRS\n\t<\/h2>\n\t\t\t\t<img loading=\"lazy\" decoding=\"async\" src=\"https:\/\/www.frateschi.com.br\/web\/wp-content\/uploads\/2016\/07\/fra3073g-1.jpg\" alt=\"&lt;h3&gt;3073 - RUMO - Fase II&lt;\/h3&gt;\" itemprop=\"image\" height=\"260\" width=\"900\" title=\"fra3073g-1\" onerror=\"this.style.display='none'\"  \/>\n<h2>\n\t\t3073 &#8211; RUMO &#8211; Fase III\n\t<\/h2>\n\t\t\t\t<img loading=\"lazy\" decoding=\"async\" src=\"https:\/\/www.frateschi.com.br\/web\/wp-content\/uploads\/2016\/07\/fra3074g-1.jpg\" alt=\"&lt;h3&gt;3074 - ALL&lt;\/h3&gt;\" itemprop=\"image\" height=\"260\" width=\"900\" title=\"fra3074g-1\" onerror=\"this.style.display='none'\"  \/>\n<h2>\n\t\t3074 &#8211; ALL\n\t<\/h2>\n\t\t\t\t<img loading=\"lazy\" decoding=\"async\" src=\"https:\/\/www.frateschi.com.br\/web\/wp-content\/uploads\/2016\/07\/fra3075g-1.jpg\" alt=\"&lt;h3&gt;3075 - Vli&lt;\/h3&gt;\" itemprop=\"image\" height=\"260\" width=\"900\" title=\"fra3075g-1\" onerror=\"this.style.display='none'\"  \/>\n<h2>\n\t\t3075 &#8211; VLi\n\t<\/h2>\n\t\t\t\t<img loading=\"lazy\" decoding=\"async\" src=\"https:\/\/www.frateschi.com.br\/web\/wp-content\/uploads\/2016\/07\/fra3077g-1-1-1.jpg\" alt=\"&lt;h3&gt;3077 - BRADO&lt;\/h3&gt;\" itemprop=\"image\" height=\"256\" width=\"900\" title=\"fra3077g-1-1\" onerror=\"this.style.display='none'\"  \/>\n<h2>\n\t\t3077 &#8211; BRADO\n\t<\/h2>\n<h3>\n\t\tGaleria de fotos:\n\t<\/h3>\n<h6>\n\t\tClique na foto para ampliar\n\t<\/h6>\n\t\t\t<a href=\"https:\/\/www.frateschi.com.br\/web\/locomotivas\/\" target=\"_self\" role=\"button\" rel=\"noopener\">\n\t\t\t\t\t\tvoltar para Locomotivas\n\t\t\t\t\t<\/a>\n\t\t\t<a href=\"https:\/\/www.frateschi.com.br\/web\/onde-comprar\/\" target=\"_self\" role=\"button\" rel=\"noopener\">\n\t\t\t\t\t\tLocalize um revendedor autorizado\n\t\t\t\t\t<\/a>\n\t\t\t<a href=\"https:\/\/www.lojadafrateschi.com.br\/locomotivas-diesel-eletricas\" target=\"_blank\" role=\"button\" rel=\"noopener\">\n\t\t\t\t\t\tCompre na loja da Frateschi\n\t\t\t\t\t<\/a>\n\n","protected":false},"excerpt":{"rendered":"<p>Produtos &gt; Locomotivas Locomotiva AC44i Foto Real da Locomotiva AC44i da Rumo Log\u00edstica A AC44i \u00e9 uma locomotiva de grande porte fabricada em Contagem (MG) pela GE Transportation com um \u00edndice de nacionaliza\u00e7\u00e3o de 63% dos componentes utilizados. Trata-se de uma m\u00e1quina diesel-el\u00e9trica de corrente alternada que entrega uma potencia de 4500HP em seus 195.000Kg.&hellip;<\/p>\n","protected":false},"author":1,"featured_media":0,"parent":0,"menu_order":0,"comment_status":"closed","ping_status":"closed","template":"","meta":{"_joinchat":[],"footnotes":""},"class_list":["post-5621","page","type-page","status-publish","hentry"],"_links":{"self":[{"href":"https:\/\/www.frateschi.com.br\/site\/wp-json\/wp\/v2\/pages\/5621","targetHints":{"allow":["GET"]}}],"collection":[{"href":"https:\/\/www.frateschi.com.br\/site\/wp-json\/wp\/v2\/pages"}],"about":[{"href":"https:\/\/www.frateschi.com.br\/site\/wp-json\/wp\/v2\/types\/page"}],"author":[{"embeddable":true,"href":"https:\/\/www.frateschi.com.br\/site\/wp-json\/wp\/v2\/users\/1"}],"replies":[{"embeddable":true,"href":"https:\/\/www.frateschi.com.br\/site\/wp-json\/wp\/v2\/comments?post=5621"}],"version-history":[{"count":4,"href":"https:\/\/www.frateschi.com.br\/site\/wp-json\/wp\/v2\/pages\/5621\/revisions"}],"predecessor-version":[{"id":7371,"href":"https:\/\/www.frateschi.com.br\/site\/wp-json\/wp\/v2\/pages\/5621\/revisions\/7371"}],"wp:attachment":[{"href":"https:\/\/www.frateschi.com.br\/site\/wp-json\/wp\/v2\/media?parent=5621"}],"curies":[{"name":"wp","href":"https:\/\/api.w.org\/{rel}","templated":true}]}}