{"id":3936,"date":"2016-07-19T16:18:20","date_gmt":"2016-07-19T19:18:20","guid":{"rendered":"http:\/\/www.frateschi.com.br\/web\/locomotiva-u20c\/?lang=es"},"modified":"2023-05-22T15:31:35","modified_gmt":"2023-05-22T18:31:35","slug":"locomotiva-u20c","status":"publish","type":"page","link":"https:\/\/www.frateschi.com.br\/site\/locomotiva-u20c\/?lang=es","title":{"rendered":"Locomotiva U20C"},"content":{"rendered":"\n<h1>\n\t\tProductos > Locomotoras > U20C\n\t<\/h1>\n\t\t\t\t<img loading=\"lazy\" decoding=\"async\" src=\"https:\/\/www.frateschi.com.br\/web\/wp-content\/uploads\/2020\/10\/2010-banner-u20c.jpg\" alt=\"2010-banner-u20c\" itemprop=\"image\" height=\"371\" width=\"550\" title=\"2010-banner-u20c\" onerror=\"this.style.display='none'\"  \/>\n\tLa locomotora\u00a0<strong>U-20C<\/strong>\u00a0fu\u00e9 elegida por <strong>FRATESCHI<\/strong> debido a su creciente popilariadad en los ferrocarriles Brasile\u00f1os durenate los a\u00f1os 70.\nAs\u00ed como la g-12 de General Motors fu\u00e9 considearada, en 1956, como la elecci\u00f3n edeal para los ferrocarriles de los paises en desarrolllo debido a su relaci\u00f3n favorable entre costo y desempe\u00f1o, la\u00a0<strong>U-20C<\/strong>\u00a0se convirti\u00f3 rn una de estas locomotoras de aplicaci\u00f3n general, usadas en trochas que varian de 1m a 1,67m, tanto para servicio de pasajeros como para carga, pero no son recomendables para maniobras.\nLa mayoria de estas locomotoras fueron fabricadas en la planta de campinas, SP, de la General Eletrc, y fueron provistas a los ferrocarriles Brasile\u00f1os, \u00f3 exportadas a Mozambique, Jordania, Angola, Bolivia, etc. Las locomotoras\u00a0<strong>U-20C <\/strong>fabricadas en EUA fueron tambi\u00e9n exportadas para Colombia, angola, Mozambique, Rhodesia, Paquis\u00e1n, etc&#8230;\n\t\t\t<a href=\"https:\/\/www.frateschi.com.br\/web\/locomotivas\/?lang=es\" target=\"_self\" role=\"button\" rel=\"noopener\">\n\t\t\t\t\t\tVOLVER\n\t\t\t\t\t<\/a>\n\n","protected":false},"excerpt":{"rendered":"<p>Productos > Locomotoras > U20C La locomotora\u00a0U-20C\u00a0fu\u00e9 elegida por FRATESCHI debido a su creciente popilariadad en los ferrocarriles Brasile\u00f1os durenate los a\u00f1os 70. As\u00ed como la g-12 de General Motors fu\u00e9 considearada, en 1956, como la elecci\u00f3n edeal para los ferrocarriles de los paises en desarrolllo debido a su relaci\u00f3n favorable entre costo y desempe\u00f1o,&hellip;<\/p>\n","protected":false},"author":1,"featured_media":0,"parent":0,"menu_order":0,"comment_status":"closed","ping_status":"closed","template":"","meta":{"_joinchat":[],"footnotes":""},"class_list":["post-3936","page","type-page","status-publish","hentry"],"_links":{"self":[{"href":"https:\/\/www.frateschi.com.br\/site\/wp-json\/wp\/v2\/pages\/3936","targetHints":{"allow":["GET"]}}],"collection":[{"href":"https:\/\/www.frateschi.com.br\/site\/wp-json\/wp\/v2\/pages"}],"about":[{"href":"https:\/\/www.frateschi.com.br\/site\/wp-json\/wp\/v2\/types\/page"}],"author":[{"embeddable":true,"href":"https:\/\/www.frateschi.com.br\/site\/wp-json\/wp\/v2\/users\/1"}],"replies":[{"embeddable":true,"href":"https:\/\/www.frateschi.com.br\/site\/wp-json\/wp\/v2\/comments?post=3936"}],"version-history":[{"count":6,"href":"https:\/\/www.frateschi.com.br\/site\/wp-json\/wp\/v2\/pages\/3936\/revisions"}],"predecessor-version":[{"id":5951,"href":"https:\/\/www.frateschi.com.br\/site\/wp-json\/wp\/v2\/pages\/3936\/revisions\/5951"}],"wp:attachment":[{"href":"https:\/\/www.frateschi.com.br\/site\/wp-json\/wp\/v2\/media?parent=3936"}],"curies":[{"name":"wp","href":"https:\/\/api.w.org\/{rel}","templated":true}]}}