{"id":3927,"date":"2016-07-19T15:01:11","date_gmt":"2016-07-19T18:01:11","guid":{"rendered":"http:\/\/www.frateschi.com.br\/web\/locomotiva-g12-a-1-a\/?lang=es"},"modified":"2018-12-03T16:24:05","modified_gmt":"2018-12-03T19:24:05","slug":"locomotiva-g12-a-1-a","status":"publish","type":"page","link":"https:\/\/www.frateschi.com.br\/site\/locomotiva-g12-a-1-a\/?lang=es","title":{"rendered":"Locomotiva G12 A &#8211; 1 &#8211; A"},"content":{"rendered":"<h1>\n\t\tProductos > Locomotoras > G12 A &#8211; 1 &#8211; A<br \/>\n\t<\/h1>\n<p>\t\t\t\t<img decoding=\"async\" src=\"http:\/\/www.frateschi.com.br\/web\/wp-content\/uploads\/2016\/07\/banner-g12.jpg\" alt=\"banner-g12\" itemprop=\"image\"  \/><\/p>\n<p style=\"text-align: justify;\" align=\"justify\">Estas locomotoras fueron contruidas en 1957 y su principal diferencia cuando comparadas con las G12\u00b4s existentes son los boggies equipados con 3 ejes. La rueda central, con diametro reduzido, sin tracci\u00f3n, era utilizado para distribuir el peso de la locomotora. As\u00ed, eran clasificadas como\u00a0<strong>G12 A-1-A<\/strong>.<\/p>\n<p style=\"text-align: justify;\" align=\"justify\">La Via\u00e7\u00e3o Ferrea Rio Grande do Sul (FVRGS) tuvo 20 locomotoras como esta en 1957, cuando todavia no era una divisi\u00f3n de la Rede Ferrovi\u00e1ria Federal SA (RFSSA).<br \/>M\u00e1s tarde, cuando la FVRGS se torn\u00f3 parte de la RFFSA, ellas fueron replazadas por las G12\u00b4s de 2 ejes, Bo-Bo.<\/p>\n<p style=\"text-align: justify;\" align=\"justify\">Si, en Brasil su representativad no es tan grande esta locomotora estudo presente de manera vigorosa en otros paises como Argentina, Taiwan, Australia, Nuova Zelandia, etc.<\/p>\n<p>\t<a href=\"https:\/\/www.frateschi.com.br\/web\/locomotivas\/?lang=es\" target=\"_self\" role=\"button\"><br \/>\n\t\t\t\tVOLVER<br \/>\n\t\t\t<\/a><\/p>\n","protected":false},"excerpt":{"rendered":"<p>Productos > Locomotoras > G12 A &#8211; 1 &#8211; A Estas locomotoras fueron contruidas en 1957 y su principal diferencia cuando comparadas con las G12\u00b4s existentes son los boggies equipados con 3 ejes. La rueda central, con diametro reduzido, sin tracci\u00f3n, era utilizado para distribuir el peso de la locomotora. As\u00ed, eran clasificadas como\u00a0G12 A-1-A.&hellip;<\/p>\n","protected":false},"author":1,"featured_media":0,"parent":0,"menu_order":0,"comment_status":"closed","ping_status":"closed","template":"","meta":{"_joinchat":[],"footnotes":""},"class_list":["post-3927","page","type-page","status-publish","hentry"],"_links":{"self":[{"href":"https:\/\/www.frateschi.com.br\/site\/wp-json\/wp\/v2\/pages\/3927","targetHints":{"allow":["GET"]}}],"collection":[{"href":"https:\/\/www.frateschi.com.br\/site\/wp-json\/wp\/v2\/pages"}],"about":[{"href":"https:\/\/www.frateschi.com.br\/site\/wp-json\/wp\/v2\/types\/page"}],"author":[{"embeddable":true,"href":"https:\/\/www.frateschi.com.br\/site\/wp-json\/wp\/v2\/users\/1"}],"replies":[{"embeddable":true,"href":"https:\/\/www.frateschi.com.br\/site\/wp-json\/wp\/v2\/comments?post=3927"}],"version-history":[{"count":3,"href":"https:\/\/www.frateschi.com.br\/site\/wp-json\/wp\/v2\/pages\/3927\/revisions"}],"predecessor-version":[{"id":5117,"href":"https:\/\/www.frateschi.com.br\/site\/wp-json\/wp\/v2\/pages\/3927\/revisions\/5117"}],"wp:attachment":[{"href":"https:\/\/www.frateschi.com.br\/site\/wp-json\/wp\/v2\/media?parent=3927"}],"curies":[{"name":"wp","href":"https:\/\/api.w.org\/{rel}","templated":true}]}}