{"id":3924,"date":"2016-09-23T19:29:38","date_gmt":"2016-09-23T22:29:38","guid":{"rendered":"http:\/\/www.frateschi.com.br\/web\/loco-g12-g8\/?lang=es"},"modified":"2018-12-03T16:23:18","modified_gmt":"2018-12-03T19:23:18","slug":"loco-g12-g8","status":"publish","type":"page","link":"https:\/\/www.frateschi.com.br\/site\/loco-g12-g8\/?lang=es","title":{"rendered":"Locomotiva G12 \/ G8"},"content":{"rendered":"<h1>\n\t\tProductos > Locomotoras > G12 \/ G8<br \/>\n\t<\/h1>\n<p>\t\t\t\t<img decoding=\"async\" src=\"http:\/\/www.frateschi.com.br\/web\/wp-content\/uploads\/2016\/07\/banner-g8.jpg\" alt=\"banner-g8\" itemprop=\"image\"  \/><\/p>\n<p style=\"text-align: justify;\" align=\"justify\">Las\u00a0<strong>G12<\/strong>\u00a0y\u00a0<strong>G8<\/strong>\u00a0son locomotoras para servicios generales, de bajo costo, que la Genereal Motors prdujo en los a\u00f1os de 1955 a 1970. las pontos b\u00e1sicos del proyecto original definian la producci\u00f3n de uns locomotora vers\u00e1til , simple, econ\u00f3mica, adaptable a varias trochas y con aplicaci\u00f3nes diversas, tanto para servicio en ramales como en lineas principales.\u00a0<\/p>\n<p style=\"text-align: justify;\" align=\"justify\">Ellas fueron construidas en las versiones B-B \u00f3 A1A-A1A, con \u00f3 sin freno din\u00e1mico, y vendidas a gran cantidad de paises como Brasil, Cuba, M\u00e9xico, Venezuela, Colombia, Chile, Argentina, Nueva Zelancia, australia, Sudafria, Nigeria, Ir\u00e1n, Indonesia, Egito, etc&#8230;Ellas fueron, hasta hace poco tiempo, las locomotoras mas populares de Brasil, estando a\u00fan en usio en todos los regiones del pais. La mayor diferen\u00e7a entre la\u00a0<strong>G-12<\/strong>\u00a0y la\u00a0<strong>G-8\u00a0<\/strong>eg e numero de clindros y la potencia del mtor diesel, V-12 con 1425 HP y V-8 con 950 Ho, respectivamente..<\/p>\n<p>\t<a href=\"https:\/\/www.frateschi.com.br\/web\/locomotivas\/?lang=es\" target=\"_self\" role=\"button\"><br \/>\n\t\t\t\tVOLVER<br \/>\n\t\t\t<\/a><\/p>\n","protected":false},"excerpt":{"rendered":"<p>Productos > Locomotoras > G12 \/ G8 Las\u00a0G12\u00a0y\u00a0G8\u00a0son locomotoras para servicios generales, de bajo costo, que la Genereal Motors prdujo en los a\u00f1os de 1955 a 1970. las pontos b\u00e1sicos del proyecto original definian la producci\u00f3n de uns locomotora vers\u00e1til , simple, econ\u00f3mica, adaptable a varias trochas y con aplicaci\u00f3nes diversas, tanto para servicio en&hellip;<\/p>\n","protected":false},"author":1,"featured_media":0,"parent":0,"menu_order":0,"comment_status":"closed","ping_status":"closed","template":"","meta":{"_joinchat":[],"footnotes":""},"class_list":["post-3924","page","type-page","status-publish","hentry"],"_links":{"self":[{"href":"https:\/\/www.frateschi.com.br\/site\/wp-json\/wp\/v2\/pages\/3924","targetHints":{"allow":["GET"]}}],"collection":[{"href":"https:\/\/www.frateschi.com.br\/site\/wp-json\/wp\/v2\/pages"}],"about":[{"href":"https:\/\/www.frateschi.com.br\/site\/wp-json\/wp\/v2\/types\/page"}],"author":[{"embeddable":true,"href":"https:\/\/www.frateschi.com.br\/site\/wp-json\/wp\/v2\/users\/1"}],"replies":[{"embeddable":true,"href":"https:\/\/www.frateschi.com.br\/site\/wp-json\/wp\/v2\/comments?post=3924"}],"version-history":[{"count":3,"href":"https:\/\/www.frateschi.com.br\/site\/wp-json\/wp\/v2\/pages\/3924\/revisions"}],"predecessor-version":[{"id":5116,"href":"https:\/\/www.frateschi.com.br\/site\/wp-json\/wp\/v2\/pages\/3924\/revisions\/5116"}],"wp:attachment":[{"href":"https:\/\/www.frateschi.com.br\/site\/wp-json\/wp\/v2\/media?parent=3924"}],"curies":[{"name":"wp","href":"https:\/\/api.w.org\/{rel}","templated":true}]}}