{"id":3909,"date":"2016-07-16T13:01:37","date_gmt":"2016-07-16T16:01:37","guid":{"rendered":"http:\/\/www.frateschi.com.br\/web\/locomotiva-c30-7\/?lang=es"},"modified":"2018-12-03T14:16:47","modified_gmt":"2018-12-03T17:16:47","slug":"locomotiva-c30-7","status":"publish","type":"page","link":"https:\/\/www.frateschi.com.br\/site\/locomotiva-c30-7\/?lang=es","title":{"rendered":"Locomotiva &#8211; C30-7"},"content":{"rendered":"<h1>\n\t\tProductos > Locomotoras > C30-7<br \/>\n\t<\/h1>\n<p>\t\t\t\t<img decoding=\"async\" src=\"http:\/\/www.frateschi.com.br\/web\/wp-content\/uploads\/2016\/07\/banner-c30-7.jpg\" alt=\"banner-c30-7\" itemprop=\"image\"  \/><\/p>\n<p style=\"text-align: justify;\" align=\"justify\">Hasta la decada de 70 General Electric (GE) era parte del mercado mundial y ofrecia una variedad de locomotoras llamadas por la serie &#8220;U&#8221; de Universal. En Brasil las mas grandes fueron las\u00a0<strong>U23C<\/strong>, con 2250HP que fueron produzidas en Campinas entre 1972 y 1976. La evoluci\u00f3n de las &#8220;U&#8221; continu\u00f3 hasta la serie U36C cuando GE produci\u00f3 una nueva serie, llamada serie &#8220;C&#8221;. La\u00a0<strong>C30-7<\/strong>\u00a0fue la primera de ella y es una locomotora con 3 ejs, 3000HP produzida al final de la decada de 70.\u00a0<\/p>\n<p style=\"text-align: justify;\" align=\"justify\">En Brasil fueron fabricadas 48\u00a0<strong>C30-7<\/strong>\u00a0donde 41 fueron para la E.F. Carajas y 7 para Cutrale Quintella para operar las lineas de la trocha ancha de Fepasa. Recentemente con a posibilidad de importar locomotoras de segunda mano companias como MRS y ALL empezar\u00f3n a trajer una infinidad de estas locomotoras. En Abril de 2007 el numero de\u00a0<strong>C30-7<\/strong>\u00a0en el sistema de transporte de Brasil era de mas de 500 unidades.<\/p>\n<p>\t<a href=\"https:\/\/www.frateschi.com.br\/web\/locomotivas\/?lang=es\" target=\"_self\" role=\"button\"><br \/>\n\t\t\t\tVOLVER<br \/>\n\t\t\t<\/a><\/p>\n","protected":false},"excerpt":{"rendered":"<p>Productos > Locomotoras > C30-7 Hasta la decada de 70 General Electric (GE) era parte del mercado mundial y ofrecia una variedad de locomotoras llamadas por la serie &#8220;U&#8221; de Universal. En Brasil las mas grandes fueron las\u00a0U23C, con 2250HP que fueron produzidas en Campinas entre 1972 y 1976. La evoluci\u00f3n de las &#8220;U&#8221; continu\u00f3&hellip;<\/p>\n","protected":false},"author":1,"featured_media":0,"parent":0,"menu_order":0,"comment_status":"closed","ping_status":"closed","template":"","meta":{"_joinchat":[],"footnotes":""},"class_list":["post-3909","page","type-page","status-publish","hentry"],"_links":{"self":[{"href":"https:\/\/www.frateschi.com.br\/site\/wp-json\/wp\/v2\/pages\/3909","targetHints":{"allow":["GET"]}}],"collection":[{"href":"https:\/\/www.frateschi.com.br\/site\/wp-json\/wp\/v2\/pages"}],"about":[{"href":"https:\/\/www.frateschi.com.br\/site\/wp-json\/wp\/v2\/types\/page"}],"author":[{"embeddable":true,"href":"https:\/\/www.frateschi.com.br\/site\/wp-json\/wp\/v2\/users\/1"}],"replies":[{"embeddable":true,"href":"https:\/\/www.frateschi.com.br\/site\/wp-json\/wp\/v2\/comments?post=3909"}],"version-history":[{"count":2,"href":"https:\/\/www.frateschi.com.br\/site\/wp-json\/wp\/v2\/pages\/3909\/revisions"}],"predecessor-version":[{"id":5111,"href":"https:\/\/www.frateschi.com.br\/site\/wp-json\/wp\/v2\/pages\/3909\/revisions\/5111"}],"wp:attachment":[{"href":"https:\/\/www.frateschi.com.br\/site\/wp-json\/wp\/v2\/media?parent=3909"}],"curies":[{"name":"wp","href":"https:\/\/api.w.org\/{rel}","templated":true}]}}