{"id":3586,"date":"2016-09-23T19:29:38","date_gmt":"2016-09-23T22:29:38","guid":{"rendered":"http:\/\/www.frateschi.com.br\/web\/?page_id=3586"},"modified":"2023-11-16T15:06:13","modified_gmt":"2023-11-16T18:06:13","slug":"loco-g12-g8-ex","status":"publish","type":"page","link":"https:\/\/www.frateschi.com.br\/site\/loco-g12-g8-ex\/","title":{"rendered":"Locomotiva G12 \/ G8ex"},"content":{"rendered":"\n<h1>\n\t\tProdutos > Locomotivas > G12 \/ G8\n\t<\/h1>\n\t\t\t\t<img decoding=\"async\" src=\"http:\/\/www.frateschi.com.br\/web\/wp-content\/uploads\/2016\/07\/banner-g8.jpg\" alt=\"banner-g8\" itemprop=\"image\" title=\"banner-g8\" onerror=\"this.style.display='none'\"  \/>\n\t<p>A\u00a0<b>G-12<\/b>\u00a0e\u00a0<b>G-8<\/b>\u00a0s\u00e3o locomotivas para servi\u00e7os gerais, de baixo custo, que a General Motors produziu nos anos de 1955 at\u00e9 1970. Os pontos b\u00e1sicos do projeto original objetivaram a produ\u00e7\u00e3o de uma locomotiva vers\u00e1til, simples, econ\u00f4mica, adapt\u00e1vel a varias bitolas, e de aplica\u00e7\u00f5es diversas, tanto para servi\u00e7o em ramais como linhas tronco.<\/p>\n<p>Elas foram constru\u00eddas nas vers\u00f5es B-B ou A1A-A1A, com ou sem freio din\u00e2mico, e vendidas para uma grande quantidade de pa\u00edses, como Brasil, Cuba, M\u00e9xico, Venezuela, Col\u00f4mbia, Chile, Argentina, Nova Zel\u00e2ndia, Austr\u00e1lia, \u00c1frica do Sul, Nig\u00e9ria, Ir\u00e3, Indon\u00e9sia, Egito, etc&#8230; Elas foram, at\u00e9 pouco tempo, as locomotivas mais populares do Brasil, estando ainda em uso, em todas as regi\u00f5es do pa\u00eds. A maior diferen\u00e7a entre a\u00a0<b>G-12<\/b>\u00a0e\u00a0<b>G-8<\/b>\u00a0\u00e9 o n\u00famero de cilindros e a pot\u00eancia do motor diesel, V-12 com 1245 HP e V-8 com 950 HP, respectivamente.<\/p>\n\t\t\t<a href=\"https:\/\/www.frateschi.com.br\/web\/locomotivas\/\" target=\"_self\" rel=\"noopener\">\n\t\t\t\t\t\tVOLTAR\n\t\t\t\t\t<\/a>\n\t\t<h3>Pe\u00e7a sua Locomotiva G12 \/ G8 agora na loja da Frateschi<\/h3>\n\t\t\t<a href=\"http:\/\/www.lojadafrateschi.com.br\/locomotivas-diesel-eletricas\" target=\"_blank\" rel=\"noopener\">\n\t\t\t\t\t\tComprar\n\t\t\t\t\t<\/a>\n\n","protected":false},"excerpt":{"rendered":"<p>Produtos > Locomotivas > G12 \/ G8 A\u00a0G-12\u00a0e\u00a0G-8\u00a0s\u00e3o locomotivas para servi\u00e7os gerais, de baixo custo, que a General Motors produziu nos anos de 1955 at\u00e9 1970. Os pontos b\u00e1sicos do projeto original objetivaram a produ\u00e7\u00e3o de uma locomotiva vers\u00e1til, simples, econ\u00f4mica, adapt\u00e1vel a varias bitolas, e de aplica\u00e7\u00f5es diversas, tanto para servi\u00e7o em ramais como&hellip;<\/p>\n","protected":false},"author":1,"featured_media":0,"parent":0,"menu_order":0,"comment_status":"closed","ping_status":"closed","template":"","meta":{"_joinchat":[],"footnotes":""},"class_list":["post-3586","page","type-page","status-publish","hentry"],"_links":{"self":[{"href":"https:\/\/www.frateschi.com.br\/site\/wp-json\/wp\/v2\/pages\/3586","targetHints":{"allow":["GET"]}}],"collection":[{"href":"https:\/\/www.frateschi.com.br\/site\/wp-json\/wp\/v2\/pages"}],"about":[{"href":"https:\/\/www.frateschi.com.br\/site\/wp-json\/wp\/v2\/types\/page"}],"author":[{"embeddable":true,"href":"https:\/\/www.frateschi.com.br\/site\/wp-json\/wp\/v2\/users\/1"}],"replies":[{"embeddable":true,"href":"https:\/\/www.frateschi.com.br\/site\/wp-json\/wp\/v2\/comments?post=3586"}],"version-history":[{"count":8,"href":"https:\/\/www.frateschi.com.br\/site\/wp-json\/wp\/v2\/pages\/3586\/revisions"}],"predecessor-version":[{"id":7378,"href":"https:\/\/www.frateschi.com.br\/site\/wp-json\/wp\/v2\/pages\/3586\/revisions\/7378"}],"wp:attachment":[{"href":"https:\/\/www.frateschi.com.br\/site\/wp-json\/wp\/v2\/media?parent=3586"}],"curies":[{"name":"wp","href":"https:\/\/api.w.org\/{rel}","templated":true}]}}