{"id":358,"date":"2016-05-20T17:04:27","date_gmt":"2016-05-20T20:04:27","guid":{"rendered":"http:\/\/www.frateschi.com.br\/web\/?page_id=358"},"modified":"2016-05-20T17:09:14","modified_gmt":"2016-05-20T20:09:14","slug":"minha-ferrovia-01","status":"publish","type":"page","link":"https:\/\/www.frateschi.com.br\/site\/minha-ferrovia-01\/","title":{"rendered":"Minha Ferrovia 01"},"content":{"rendered":"<h1>\n\t\tIniciar no Hobby> Minha Ferrovia<br \/>\n\t<\/h1>\n<p style=\"text-align: justify;\"><strong>Maquete Executada de: Sr. Jos\u00e9 Balan Filho &#8211; Curitiba<\/strong><\/p>\n<p style=\"text-align: justify;\">&#8220;O ferreomodelismo para mim \u00e9 um hobby completo. Quando estou envolvido com um novo projeto sinto-me renovado, e a terapia que fa\u00e7o na execu\u00e7\u00e3o da maquete me proporciona aquela paz que preciso para o exerc\u00edcio da minha profiss\u00e3o de administrador de empresas.&#8221;<\/p>\n<p>\t<a href=\"http:\/\/www.frateschi.com.br\/web\/minha-ferrovia\/\" target=\"_self\" role=\"button\"><br \/>\n\t\t\t\tVoltar<br \/>\n\t\t\t<\/a><\/p>\n","protected":false},"excerpt":{"rendered":"<p>Iniciar no Hobby> Minha Ferrovia Maquete Executada de: Sr. Jos\u00e9 Balan Filho &#8211; Curitiba &#8220;O ferreomodelismo para mim \u00e9 um hobby completo. Quando estou envolvido com um novo projeto sinto-me renovado, e a terapia que fa\u00e7o na execu\u00e7\u00e3o da maquete me proporciona aquela paz que preciso para o exerc\u00edcio da minha profiss\u00e3o de administrador de&hellip;<\/p>\n","protected":false},"author":1,"featured_media":0,"parent":0,"menu_order":0,"comment_status":"closed","ping_status":"closed","template":"","meta":{"_joinchat":[],"footnotes":""},"class_list":["post-358","page","type-page","status-publish","hentry"],"_links":{"self":[{"href":"https:\/\/www.frateschi.com.br\/site\/wp-json\/wp\/v2\/pages\/358","targetHints":{"allow":["GET"]}}],"collection":[{"href":"https:\/\/www.frateschi.com.br\/site\/wp-json\/wp\/v2\/pages"}],"about":[{"href":"https:\/\/www.frateschi.com.br\/site\/wp-json\/wp\/v2\/types\/page"}],"author":[{"embeddable":true,"href":"https:\/\/www.frateschi.com.br\/site\/wp-json\/wp\/v2\/users\/1"}],"replies":[{"embeddable":true,"href":"https:\/\/www.frateschi.com.br\/site\/wp-json\/wp\/v2\/comments?post=358"}],"version-history":[{"count":2,"href":"https:\/\/www.frateschi.com.br\/site\/wp-json\/wp\/v2\/pages\/358\/revisions"}],"predecessor-version":[{"id":367,"href":"https:\/\/www.frateschi.com.br\/site\/wp-json\/wp\/v2\/pages\/358\/revisions\/367"}],"wp:attachment":[{"href":"https:\/\/www.frateschi.com.br\/site\/wp-json\/wp\/v2\/media?parent=358"}],"curies":[{"name":"wp","href":"https:\/\/api.w.org\/{rel}","templated":true}]}}