{"id":3502,"date":"2016-02-05T13:06:05","date_gmt":"2016-02-05T16:06:05","guid":{"rendered":"http:\/\/www.frateschi.com.br\/web\/pecas-de-reposicao\/?lang=en"},"modified":"2023-10-31T20:37:43","modified_gmt":"2023-10-31T23:37:43","slug":"pecas-de-reposicao","status":"publish","type":"page","link":"https:\/\/www.frateschi.com.br\/site\/pecas-de-reposicao\/?lang=en","title":{"rendered":"Pe\u00e7as de Reposi\u00e7\u00e3o"},"content":{"rendered":"\n<h1>\n\t\tProdutos > Pe\u00e7as de Reposi\u00e7\u00e3o\n\t<\/h1>\n\t<table border=\"0\" width=\"650\" cellspacing=\"3\" cellpadding=\"3\" align=\"center\">\n<tbody>\n<tr>\n<td align=\"center\" bgcolor=\"#c0c0c0\" width=\"71%\" height=\"35\"><strong>Truque &#8211; Rodeiros e Engates NEM<\/strong><\/td>\n<td align=\"center\" bgcolor=\"#c0c0c0\" width=\"29%\"><strong>C\u00f3digo<\/strong><\/td>\n<\/tr>\n<tr bgcolor=\"#F4F4F4\">\n<td align=\"center\" bgcolor=\"#F4F4F4\" height=\"35\">Vag\u00f5es de Carga<\/td>\n<td align=\"center\">20050<\/td>\n<\/tr>\n<tr bgcolor=\"#e0e0e0\">\n<td align=\"center\" height=\"35\">Carros BUUD<\/td>\n<td align=\"center\">25050<\/td>\n<\/tr>\n<tr bgcolor=\"#F4F4F4\">\n<td align=\"center\" height=\"35\">Carros Passageiros Antigos<\/td>\n<td align=\"center\">25051<\/td>\n<\/tr>\n<tr bgcolor=\"#e0e0e0\">\n<td align=\"center\" height=\"35\">Carros Passageiros A\u00e7o Carbono<\/td>\n<td align=\"center\">25052<\/td>\n<\/tr>\n<tr bgcolor=\"#F4F4F4\">\n<td align=\"center\" height=\"35\">Metropolitano (6316-6317-6514)<\/td>\n<td align=\"center\">30078<\/td>\n<\/tr>\n<\/tbody>\n<\/table>\n\t<table border=\"0\" width=\"650\" cellspacing=\"3\" cellpadding=\"3\" align=\"center\">\n<tbody>\n<tr>\n<td align=\"center\" bgcolor=\"#c0c0c0\" width=\"71%\" height=\"35\"><strong>Rodeiros &#8211; NEM<\/strong><\/td>\n<td align=\"center\" bgcolor=\"#c0c0c0\" width=\"29%\"><strong>C\u00f3digo<\/strong><\/td>\n<\/tr>\n<tr bgcolor=\"#F4F4F4\">\n<td align=\"center\" bgcolor=\"#F4F4F4\" height=\"35\">Vag\u00f5es de Carga<\/td>\n<td align=\"center\">20060<\/td>\n<\/tr>\n<tr bgcolor=\"#e0e0e0\">\n<td align=\"center\" height=\"35\">Carros BUUD<\/td>\n<td align=\"center\">20060<\/td>\n<\/tr>\n<tr bgcolor=\"#F4F4F4\">\n<td align=\"center\" height=\"35\">Carros Passageiros Antigos<\/td>\n<td align=\"center\">20060<\/td>\n<\/tr>\n<tr bgcolor=\"#e0e0e0\">\n<td align=\"center\" height=\"35\">Carros Passageiros A\u00e7o Carbono<\/td>\n<td align=\"center\">20060<\/td>\n<\/tr>\n<tr bgcolor=\"#F4F4F4\">\n<td align=\"center\" height=\"35\">Metropolitano (6316-6317-6514)<\/td>\n<td align=\"center\">20060<\/td>\n<\/tr>\n<\/tbody>\n<\/table>\n\t<table border=\"0\" width=\"650\" cellspacing=\"3\" cellpadding=\"3\" align=\"center\">\n<tbody>\n<tr>\n<td align=\"center\" bgcolor=\"#c0c0c0\" width=\"71%\" height=\"35\"><strong>Engate &#8211; NEM<\/strong><\/td>\n<td align=\"center\" bgcolor=\"#c0c0c0\" width=\"29%\"><strong>C\u00f3digo<\/strong><\/td>\n<\/tr>\n<tr bgcolor=\"#F4F4F4\">\n<td align=\"center\" bgcolor=\"#F4F4F4\" height=\"35\">Vag\u00f5es de Carga<\/td>\n<td align=\"center\">20063<\/td>\n<\/tr>\n<tr bgcolor=\"#e0e0e0\">\n<td align=\"center\" height=\"35\">Carros BUUD<\/td>\n<td align=\"center\">20063<\/td>\n<\/tr>\n<tr bgcolor=\"#F4F4F4\">\n<td align=\"center\" height=\"35\">Carros Passageiros Antigos<\/td>\n<td align=\"center\">20063<\/td>\n<\/tr>\n<tr bgcolor=\"#e0e0e0\">\n<td align=\"center\" height=\"35\">Carros Passageiros A\u00e7o Carbono<\/td>\n<td align=\"center\">20063<\/td>\n<\/tr>\n<tr bgcolor=\"#F4F4F4\">\n<td align=\"center\" height=\"35\">Ten-Wheeler<\/td>\n<td align=\"center\">&#8211;<\/td>\n<\/tr>\n<tr bgcolor=\"#e0e0e0\">\n<td align=\"center\" height=\"35\">Consolidation<\/td>\n<td align=\"center\">&#8211;<\/td>\n<\/tr>\n<tr bgcolor=\"#F4F4F4\">\n<td align=\"center\" height=\"35\">U5B<\/td>\n<td align=\"center\">20063<\/td>\n<\/tr>\n<tr bgcolor=\"#e0e0e0\">\n<td align=\"center\" height=\"35\">G8\/G12<\/td>\n<td align=\"center\">20063<\/td>\n<\/tr>\n<tr bgcolor=\"#F4F4F4\">\n<td align=\"center\" height=\"35\">G22U<\/td>\n<td align=\"center\">20063<\/td>\n<\/tr>\n<tr bgcolor=\"#e0e0e0\">\n<td align=\"center\" height=\"35\">G22CU<\/td>\n<td align=\"center\">20063<\/td>\n<\/tr>\n<tr bgcolor=\"#F4F4F4\">\n<td align=\"center\" height=\"35\">FA-1<\/td>\n<td align=\"center\">20063<\/td>\n<\/tr>\n<tr bgcolor=\"#e0e0e0\">\n<td align=\"center\" height=\"35\">U20C<\/td>\n<td align=\"center\">20063<\/td>\n<\/tr>\n<tr bgcolor=\"#F4F4F4\">\n<td align=\"center\" height=\"35\">Metropolitano (6316-6317-6514)<\/td>\n<td align=\"center\">20063<\/td>\n<\/tr>\n<\/tbody>\n<\/table>\n\t<table border=\"0\" width=\"650\" cellspacing=\"3\" cellpadding=\"3\" align=\"center\">\n<tbody>\n<tr>\n<td align=\"center\" bgcolor=\"#c0c0c0\" width=\"71%\" height=\"35\"><strong>Redutor<\/strong><\/td>\n<td align=\"center\" bgcolor=\"#c0c0c0\" width=\"29%\"><strong>C\u00f3digo<\/strong><\/td>\n<\/tr>\n<tr bgcolor=\"#F4F4F4\">\n<td align=\"center\" bgcolor=\"#F4F4F4\" height=\"35\">Ten-Wheeler<\/td>\n<td align=\"center\">&#8211;<\/td>\n<\/tr>\n<tr bgcolor=\"#e0e0e0\">\n<td align=\"center\" height=\"35\">Consolidation<\/td>\n<td align=\"center\">&#8211;<\/td>\n<\/tr>\n<tr bgcolor=\"#F4F4F4\">\n<td align=\"center\" height=\"35\">U5B<\/td>\n<td align=\"center\">30051<\/td>\n<\/tr>\n<tr bgcolor=\"#e0e0e0\">\n<td align=\"center\" height=\"35\">G8\/G12<\/td>\n<td align=\"center\">30051<\/td>\n<\/tr>\n<tr bgcolor=\"#F4F4F4\">\n<td align=\"center\" height=\"35\">G22U<\/td>\n<td align=\"center\">30051<\/td>\n<\/tr>\n<tr bgcolor=\"#e0e0e0\">\n<td align=\"center\" height=\"35\">G22CU<\/td>\n<td align=\"center\">30053<\/td>\n<\/tr>\n<tr bgcolor=\"#F4F4F4\">\n<td align=\"center\" height=\"35\">FA-1<\/td>\n<td align=\"center\">30051<\/td>\n<\/tr>\n<tr bgcolor=\"#e0e0e0\">\n<td align=\"center\" height=\"35\">U20C<\/td>\n<td align=\"center\">30053<\/td>\n<\/tr>\n<tr bgcolor=\"#F4F4F4\">\n<td align=\"center\" height=\"35\">2 C + C 2 (V8)<\/td>\n<td align=\"center\">30039<\/td>\n<\/tr>\n<tr bgcolor=\"#e0e0e0\">\n<td align=\"center\" height=\"35\">Metropolitano (6316-6317-6514)<\/td>\n<td align=\"center\">30051<\/td>\n<\/tr>\n<\/tbody>\n<\/table>\n\t<table border=\"0\" width=\"650\" cellspacing=\"3\" cellpadding=\"3\" align=\"center\">\n<tbody>\n<tr>\n<td align=\"center\" bgcolor=\"#c0c0c0\" width=\"71%\" height=\"35\"><strong>Chassi<\/strong><\/td>\n<td align=\"center\" bgcolor=\"#c0c0c0\" width=\"29%\"><strong>C\u00f3digo<\/strong><\/td>\n<\/tr>\n<tr bgcolor=\"#F4F4F4\">\n<td align=\"center\" bgcolor=\"#F4F4F4\" height=\"35\">Ten-Wheeler<\/td>\n<td align=\"center\">&#8211;<\/td>\n<\/tr>\n<tr bgcolor=\"#e0e0e0\">\n<td align=\"center\" height=\"35\">Consolidation<\/td>\n<td align=\"center\">&#8211;<\/td>\n<\/tr>\n<tr bgcolor=\"#F4F4F4\">\n<td align=\"center\" height=\"35\">U5B<\/td>\n<td align=\"center\">30057<\/td>\n<\/tr>\n<tr bgcolor=\"#e0e0e0\">\n<td align=\"center\" height=\"35\">G8\/G12<\/td>\n<td align=\"center\">30054<\/td>\n<\/tr>\n<tr bgcolor=\"#F4F4F4\">\n<td align=\"center\" height=\"35\">G22U<\/td>\n<td align=\"center\">30055<\/td>\n<\/tr>\n<tr bgcolor=\"#e0e0e0\">\n<td align=\"center\" height=\"35\">G22CU<\/td>\n<td align=\"center\">30058<\/td>\n<\/tr>\n<tr bgcolor=\"#F4F4F4\">\n<td align=\"center\" height=\"35\">FA-1<\/td>\n<td align=\"center\">30056<\/td>\n<\/tr>\n<tr bgcolor=\"#e0e0e0\">\n<td align=\"center\" height=\"35\">U20C<\/td>\n<td align=\"center\">30052<\/td>\n<\/tr>\n<tr bgcolor=\"#F4F4F4\">\n<td align=\"center\" height=\"35\">2 C + C 2 (V8)<\/td>\n<td align=\"center\">30059<\/td>\n<\/tr>\n<tr bgcolor=\"#e0e0e0\">\n<td align=\"center\" height=\"35\">Metropolitano (6316-6317-6514)<\/td>\n<td align=\"center\">&#8211;<\/td>\n<\/tr>\n<\/tbody>\n<\/table>\n\t<table border=\"0\" width=\"650\" cellspacing=\"3\" cellpadding=\"3\" align=\"center\">\n<tbody>\n<tr>\n<td align=\"center\" bgcolor=\"#c0c0c0\" width=\"71%\" height=\"35\"><strong>Contato<\/strong><\/td>\n<td align=\"center\" bgcolor=\"#c0c0c0\" width=\"29%\"><strong>C\u00f3digo<\/strong><\/td>\n<\/tr>\n<tr bgcolor=\"#F4F4F4\">\n<td align=\"center\" bgcolor=\"#F4F4F4\" height=\"35\">Carros Passageiros<\/td>\n<td align=\"center\">&#8211;<\/td>\n<\/tr>\n<tr bgcolor=\"#e0e0e0\">\n<td align=\"center\" height=\"35\">Ten-Wheeler<\/td>\n<td align=\"center\">30120 Tender<\/td>\n<\/tr>\n<tr bgcolor=\"#F4F4F4\">\n<td align=\"center\" bgcolor=\"#F4F4F4\" height=\"35\">Consolidation<\/td>\n<td align=\"center\">30120 Tender<\/td>\n<\/tr>\n<tr bgcolor=\"#e0e0e0\">\n<td align=\"center\" height=\"35\">U5B<\/td>\n<td align=\"center\">30065<\/td>\n<\/tr>\n<tr bgcolor=\"#F4F4F4\">\n<td align=\"center\" height=\"35\">G8\/G12<\/td>\n<td align=\"center\">30065<\/td>\n<\/tr>\n<tr bgcolor=\"#e0e0e0\">\n<td align=\"center\" height=\"35\">G22U<\/td>\n<td align=\"center\">30065<\/td>\n<\/tr>\n<tr bgcolor=\"#F4F4F4\">\n<td align=\"center\" height=\"35\">G22CU<\/td>\n<td align=\"center\">30066<\/td>\n<\/tr>\n<tr bgcolor=\"#e0e0e0\">\n<td align=\"center\" height=\"35\">FA-1<\/td>\n<td align=\"center\">30065<\/td>\n<\/tr>\n<tr bgcolor=\"#F4F4F4\">\n<td align=\"center\" height=\"35\">U20C<\/td>\n<td align=\"center\">30066<\/td>\n<\/tr>\n<tr bgcolor=\"#e0e0e0\">\n<td align=\"center\" height=\"35\">2 C + C 2 (V8)<\/td>\n<td align=\"center\">30066<\/td>\n<\/tr>\n<tr bgcolor=\"#F4F4F4\">\n<td align=\"center\" height=\"35\">Metropolitano (6316-6317-6514)<\/td>\n<td align=\"center\">30065<\/td>\n<\/tr>\n<\/tbody>\n<\/table>\n\t<table border=\"0\" width=\"650\" cellspacing=\"3\" cellpadding=\"3\" align=\"center\">\n<tbody>\n<tr>\n<td align=\"center\" bgcolor=\"#c0c0c0\" width=\"71%\" height=\"35\"><strong>Cardan<\/strong><\/td>\n<td align=\"center\" bgcolor=\"#c0c0c0\" width=\"29%\"><strong>C\u00f3digo<\/strong><\/td>\n<\/tr>\n<tr bgcolor=\"#F4F4F4\">\n<td align=\"center\" bgcolor=\"#F4F4F4\" height=\"35\">Ten-Wheeler<\/td>\n<td align=\"center\">&#8211;<\/td>\n<\/tr>\n<tr bgcolor=\"#e0e0e0\">\n<td align=\"center\" height=\"35\">Consolidation<\/td>\n<td align=\"center\">&#8211;<\/td>\n<\/tr>\n<tr bgcolor=\"#F4F4F4\">\n<td align=\"center\" height=\"35\">U5B<\/td>\n<td align=\"center\">30069<\/td>\n<\/tr>\n<tr bgcolor=\"#e0e0e0\">\n<td align=\"center\" height=\"35\">G8\/G12<\/td>\n<td align=\"center\">30067<\/td>\n<\/tr>\n<tr bgcolor=\"#F4F4F4\">\n<td align=\"center\" height=\"35\">G22U<\/td>\n<td align=\"center\">30067<\/td>\n<\/tr>\n<tr bgcolor=\"#e0e0e0\">\n<td align=\"center\" height=\"35\">G22CU<\/td>\n<td align=\"center\">30067<\/td>\n<\/tr>\n<tr bgcolor=\"#F4F4F4\">\n<td align=\"center\" height=\"35\">FA-1<\/td>\n<td align=\"center\">30067<\/td>\n<\/tr>\n<tr bgcolor=\"#e0e0e0\">\n<td align=\"center\" height=\"35\">U20C<\/td>\n<td align=\"center\">30068<\/td>\n<\/tr>\n<tr bgcolor=\"#F4F4F4\">\n<td align=\"center\" height=\"35\">2 C + C 2 (V8)<\/td>\n<td align=\"center\">30064<\/td>\n<\/tr>\n<tr bgcolor=\"#e0e0e0\">\n<td align=\"center\" height=\"35\">Metropolitano (6316-6317-6514)<\/td>\n<td align=\"center\">30091<\/td>\n<\/tr>\n<\/tbody>\n<\/table>\n\t<table border=\"0\" width=\"650\" cellspacing=\"3\" cellpadding=\"3\" align=\"center\">\n<tbody>\n<tr>\n<td align=\"center\" bgcolor=\"#c0c0c0\" width=\"71%\" height=\"35\"><strong>Truque de Acabamento<\/strong><\/td>\n<td align=\"center\" bgcolor=\"#c0c0c0\" width=\"29%\"><strong>C\u00f3digo<\/strong><\/td>\n<\/tr>\n<tr bgcolor=\"#F4F4F4\">\n<td align=\"center\" bgcolor=\"#F4F4F4\" height=\"35\">Ten-Wheeler<\/td>\n<td align=\"center\">30121 Tender<\/td>\n<\/tr>\n<tr bgcolor=\"#e0e0e0\">\n<td align=\"center\" height=\"35\">Consolidation<\/td>\n<td align=\"center\">30121 Tender<\/td>\n<\/tr>\n<tr bgcolor=\"#F4F4F4\">\n<td align=\"center\" height=\"35\">U5B<\/td>\n<td align=\"center\">30076<\/td>\n<\/tr>\n<tr bgcolor=\"#e0e0e0\">\n<td align=\"center\" height=\"35\">G8\/G12<\/td>\n<td align=\"center\">30070<\/td>\n<\/tr>\n<tr bgcolor=\"#F4F4F4\">\n<td align=\"center\" height=\"35\">G22U<\/td>\n<td align=\"center\">30070<\/td>\n<\/tr>\n<tr bgcolor=\"#e0e0e0\">\n<td align=\"center\" height=\"35\">G22CU<\/td>\n<td align=\"center\">30089<\/td>\n<\/tr>\n<tr bgcolor=\"#F4F4F4\">\n<td align=\"center\" height=\"35\">FA-1<\/td>\n<td align=\"center\">30075<\/td>\n<\/tr>\n<tr bgcolor=\"#e0e0e0\">\n<td align=\"center\" height=\"35\">U20C<\/td>\n<td align=\"center\">30073<\/td>\n<\/tr>\n<tr bgcolor=\"#F4F4F4\">\n<td align=\"center\" height=\"35\">2 C + C 2 (V8)<\/td>\n<td align=\"center\">30093<\/td>\n<\/tr>\n<tr bgcolor=\"#e0e0e0\">\n<td align=\"center\" height=\"35\">Metropolitano (6316-6317-6514)<\/td>\n<td align=\"center\">30077<\/td>\n<\/tr>\n<\/tbody>\n<\/table>\n\t<table border=\"0\" width=\"650\" cellspacing=\"3\" cellpadding=\"3\" align=\"center\">\n<tbody>\n<tr>\n<td align=\"center\" bgcolor=\"#c0c0c0\" width=\"71%\" height=\"35\"><strong>Pega M\u00e3o<\/strong><\/td>\n<td align=\"center\" bgcolor=\"#c0c0c0\" width=\"29%\"><strong>C\u00f3digo<\/strong><\/td>\n<\/tr>\n<tr bgcolor=\"#F4F4F4\">\n<td align=\"center\" bgcolor=\"#F4F4F4\" height=\"35\">Ten-Wheeler<\/td>\n<td align=\"center\">&#8211;<\/td>\n<\/tr>\n<tr bgcolor=\"#e0e0e0\">\n<td align=\"center\" height=\"35\">Consolidation<\/td>\n<td align=\"center\">&#8211;<\/td>\n<\/tr>\n<tr bgcolor=\"#F4F4F4\">\n<td align=\"center\" height=\"35\">U5B<\/td>\n<td align=\"center\">30072<\/td>\n<\/tr>\n<tr bgcolor=\"#e0e0e0\">\n<td align=\"center\" height=\"35\">G8\/G12<\/td>\n<td align=\"center\">30071<\/td>\n<\/tr>\n<tr bgcolor=\"#F4F4F4\">\n<td align=\"center\" height=\"35\">G22U<\/td>\n<td align=\"center\">30071<\/td>\n<\/tr>\n<tr bgcolor=\"#e0e0e0\">\n<td align=\"center\" height=\"35\">G22CU<\/td>\n<td align=\"center\">30071<\/td>\n<\/tr>\n<tr bgcolor=\"#F4F4F4\">\n<td align=\"center\" height=\"35\">FA-1<\/td>\n<td align=\"center\">&#8211;<\/td>\n<\/tr>\n<tr bgcolor=\"#e0e0e0\">\n<td align=\"center\" height=\"35\">U20C<\/td>\n<td align=\"center\">30074<\/td>\n<\/tr>\n<tr bgcolor=\"#F4F4F4\">\n<td align=\"center\" height=\"35\">Metropolitano (6316-6317-6514)<\/td>\n<td align=\"center\">&#8211;<\/td>\n<\/tr>\n<\/tbody>\n<\/table>\n\t<table border=\"0\" width=\"650\" cellspacing=\"3\" cellpadding=\"3\" align=\"center\">\n<tbody>\n<tr>\n<td align=\"center\" bgcolor=\"#c0c0c0\" width=\"71%\" height=\"35\"><strong>Pant\u00f3grafo<\/strong><\/td>\n<td align=\"center\" bgcolor=\"#c0c0c0\" width=\"29%\"><strong>C\u00f3digo<\/strong><\/td>\n<\/tr>\n<tr bgcolor=\"#F4F4F4\">\n<td align=\"center\" bgcolor=\"#F4F4F4\" height=\"35\">Metropolitano (6316-6317-6514)<\/td>\n<td align=\"center\">30079<\/td>\n<\/tr>\n<tr bgcolor=\"#e0e0e0\">\n<td align=\"center\" height=\"35\">Pant\u00f3grafo Tipo Bal\u00e3o<\/td>\n<td align=\"center\">30092<\/td>\n<\/tr>\n<\/tbody>\n<\/table>\n\t<table border=\"0\" width=\"650\" cellspacing=\"3\" cellpadding=\"3\" align=\"center\">\n<tbody>\n<tr>\n<td align=\"center\" bgcolor=\"#c0c0c0\" width=\"71%\" height=\"35\"><strong>Motor<\/strong><\/td>\n<td align=\"center\" bgcolor=\"#c0c0c0\" width=\"29%\"><strong>C\u00f3digo<\/strong><\/td>\n<\/tr>\n<tr bgcolor=\"#F4F4F4\">\n<td align=\"center\" bgcolor=\"#F4F4F4\" height=\"35\">Ten-Wheeler<\/td>\n<td align=\"center\">30080<\/td>\n<\/tr>\n<tr bgcolor=\"#e0e0e0\">\n<td align=\"center\" height=\"35\">Consolidation<\/td>\n<td align=\"center\">30080<\/td>\n<\/tr>\n<tr bgcolor=\"#F4F4F4\">\n<td align=\"center\" height=\"35\">U5B<\/td>\n<td align=\"center\">30085<\/td>\n<\/tr>\n<tr bgcolor=\"#e0e0e0\">\n<td align=\"center\" height=\"35\">G8\/G12<\/td>\n<td align=\"center\">30085<\/td>\n<\/tr>\n<tr bgcolor=\"#F4F4F4\">\n<td align=\"center\" height=\"35\">G22U<\/td>\n<td align=\"center\">30085<\/td>\n<\/tr>\n<tr bgcolor=\"#e0e0e0\">\n<td align=\"center\" height=\"35\">G22CU<\/td>\n<td align=\"center\">30085<\/td>\n<\/tr>\n<tr bgcolor=\"#F4F4F4\">\n<td align=\"center\" height=\"35\">FA-1<\/td>\n<td align=\"center\">30085<\/td>\n<\/tr>\n<tr bgcolor=\"#e0e0e0\">\n<td align=\"center\" height=\"35\">U20C<\/td>\n<td align=\"center\">30085<\/td>\n<\/tr>\n<tr bgcolor=\"#F4F4F4\">\n<td align=\"center\" height=\"35\">Metropolitano (6316-6317-6514)<\/td>\n<td align=\"center\">30085<\/td>\n<\/tr>\n<\/tbody>\n<\/table>\n\n","protected":false},"excerpt":{"rendered":"<p>Produtos > Pe\u00e7as de Reposi\u00e7\u00e3o Truque &#8211; Rodeiros e Engates NEM C\u00f3digo Vag\u00f5es de Carga 20050 Carros BUUD 25050 Carros Passageiros Antigos 25051 Carros Passageiros A\u00e7o Carbono 25052 Metropolitano (6316-6317-6514) 30078 Rodeiros &#8211; NEM C\u00f3digo Vag\u00f5es de Carga 20060 Carros BUUD 20060 Carros Passageiros Antigos 20060 Carros Passageiros A\u00e7o Carbono 20060 Metropolitano (6316-6317-6514) 20060 Engate&hellip;<\/p>\n","protected":false},"author":1,"featured_media":0,"parent":0,"menu_order":0,"comment_status":"closed","ping_status":"closed","template":"","meta":{"_joinchat":[],"footnotes":""},"class_list":["post-3502","page","type-page","status-publish","hentry"],"_links":{"self":[{"href":"https:\/\/www.frateschi.com.br\/site\/wp-json\/wp\/v2\/pages\/3502","targetHints":{"allow":["GET"]}}],"collection":[{"href":"https:\/\/www.frateschi.com.br\/site\/wp-json\/wp\/v2\/pages"}],"about":[{"href":"https:\/\/www.frateschi.com.br\/site\/wp-json\/wp\/v2\/types\/page"}],"author":[{"embeddable":true,"href":"https:\/\/www.frateschi.com.br\/site\/wp-json\/wp\/v2\/users\/1"}],"replies":[{"embeddable":true,"href":"https:\/\/www.frateschi.com.br\/site\/wp-json\/wp\/v2\/comments?post=3502"}],"version-history":[{"count":11,"href":"https:\/\/www.frateschi.com.br\/site\/wp-json\/wp\/v2\/pages\/3502\/revisions"}],"predecessor-version":[{"id":5545,"href":"https:\/\/www.frateschi.com.br\/site\/wp-json\/wp\/v2\/pages\/3502\/revisions\/5545"}],"wp:attachment":[{"href":"https:\/\/www.frateschi.com.br\/site\/wp-json\/wp\/v2\/media?parent=3502"}],"curies":[{"name":"wp","href":"https:\/\/api.w.org\/{rel}","templated":true}]}}