{"id":3501,"date":"2016-02-05T13:05:55","date_gmt":"2016-02-05T16:05:55","guid":{"rendered":"http:\/\/www.frateschi.com.br\/web\/controles-e-ligacoes\/?lang=es"},"modified":"2018-02-14T20:29:40","modified_gmt":"2018-02-14T23:29:40","slug":"controles-e-ligacoes","status":"publish","type":"page","link":"https:\/\/www.frateschi.com.br\/site\/controles-e-ligacoes\/?lang=es","title":{"rendered":"Controles e Liga\u00e7\u00f5es"},"content":{"rendered":"<h1>\n\t\tProductos > Controles El\u00e9ctronicos Cableado<br \/>\n\t<\/h1>\n<p>\t\t\t\t<img decoding=\"async\" src=\"http:\/\/www.frateschi.com.br\/web\/wp-content\/uploads\/2016\/02\/5300gd.jpg\" alt=\"5300gd\" itemprop=\"image\"  \/><\/p>\n<p style=\"text-align: justify;\"><strong>5300<\/strong> &#8211; El circuito electronico de este aparato fu\u00e9 desarrolado teniendo en cuenta un equilibrio entre bajo costo y m\u00e1ximo relalismo en las ultra bajas velocidades de las locomotoras. Posee un indicador de sobrecarga y corto circuito.<\/p>\n<table border=\"0\" width=\"100%\" cellspacing=\"3\" cellpadding=\"3\">\n<tbody>\n<tr>\n<td colspan=\"2\" align=\"center\" bgcolor=\"#c0c0c0\" height=\"35\"><strong>Informaci\u00f3n<\/strong><\/td>\n<\/tr>\n<tr bgcolor=\"#F4F4F4\">\n<td align=\"center\" bgcolor=\"#F4F4F4\" width=\"50%\" height=\"35\">Potencia<\/td>\n<td align=\"center\" width=\"50%\">30W<\/td>\n<\/tr>\n<tr bgcolor=\"#e0e0e0\">\n<td align=\"center\" height=\"35\">C.C<\/td>\n<td align=\"center\">0 &#8211; 15 V<\/td>\n<\/tr>\n<tr bgcolor=\"#F4F4F4\">\n<td align=\"center\" height=\"35\">C.A.<\/td>\n<td align=\"center\">15V<\/td>\n<\/tr>\n<tr bgcolor=\"#e0e0e0\">\n<td align=\"center\" height=\"35\">Dimensiones<\/td>\n<td align=\"center\">150x70x57 mm<\/td>\n<\/tr>\n<tr bgcolor=\"#F4F4F4\">\n<td align=\"center\" height=\"35\">Entrada<\/td>\n<td align=\"center\">100\/220V<\/td>\n<\/tr>\n<\/tbody>\n<\/table>\n<p style=\"text-align: justify;\"><strong><img loading=\"lazy\" decoding=\"async\" src=\"http:\/\/www.frateschi.com.br\/web\/wp-content\/uploads\/2016\/02\/5000md.jpg\" alt=\"5000md\" width=\"250\" height=\"123\" \/><br \/>5000<\/strong> &#8211; Dispositivo electr\u00f3nico para protejer las bobinas de los desv\u00edos contra recalentamiento proveniente de uso inadecuado. Se necesita un solo dispositivo para cada maqueta, pudindo ser conectado a cualquiersistema ya en funcionamiento.<\/p>\n<p><img loading=\"lazy\" decoding=\"async\" src=\"http:\/\/www.frateschi.com.br\/web\/wp-content\/uploads\/2016\/02\/41652md.jpg\" alt=\"41652md\" width=\"260\" height=\"147\" \/><\/p>\n<\/p>\n<p><strong>41652<\/strong> \u2013 Llave de control de desvios (4200\/2900).<\/p>\n<p><strong>45001<\/strong> \u2013 Llave de conexi\u00f3n de control de la mesa giratotia.<\/p>\n<p><strong>41660<\/strong> \u2013 Interruptor anipolar para tramos aislados.<\/p>\n<p><strong>41661<\/strong> \u2013 Llave inversora de polaridad (H-H).<\/p>\n<p><strong>41654<\/strong> \u2013 Cable para conexionado de maquetas 15m verde.<\/p>\n<p><strong>41655<\/strong> \u2013 Cable para conexionado de maquetas 15m amarillo.<\/p>\n<p><strong>41656<\/strong> \u2013 Cable para conexionado de maquetas 15m rojo.<\/p>\n<p><strong>41657<\/strong> \u2013 Cable para conexionado de maquetas 15m negro.<\/p>\n<p><strong>41658<\/strong> \u2013 Eclisas de conexi\u00f3n, con cable rojo (6 unidades).<\/p>\n<p><strong>41659<\/strong> \u2013 Eclisas de conexi\u00f3n, con cable negro (6 unidades).<\/p>\n<p><strong>50030<\/strong> \u2013 Transformador de repuesto para el controlador 5300.<\/p>\n<p><strong>50031<\/strong> &#8211; Caja de pl\u00e1stico de repuesto para el controlador 5300.<\/p>\n","protected":false},"excerpt":{"rendered":"<p>Productos > Controles El\u00e9ctronicos Cableado 5300 &#8211; El circuito electronico de este aparato fu\u00e9 desarrolado teniendo en cuenta un equilibrio entre bajo costo y m\u00e1ximo relalismo en las ultra bajas velocidades de las locomotoras. Posee un indicador de sobrecarga y corto circuito. Informaci\u00f3n Potencia 30W C.C 0 &#8211; 15 V C.A. 15V Dimensiones 150x70x57 mm&hellip;<\/p>\n","protected":false},"author":1,"featured_media":0,"parent":0,"menu_order":0,"comment_status":"closed","ping_status":"closed","template":"","meta":{"_joinchat":[],"footnotes":""},"class_list":["post-3501","page","type-page","status-publish","hentry"],"_links":{"self":[{"href":"https:\/\/www.frateschi.com.br\/site\/wp-json\/wp\/v2\/pages\/3501","targetHints":{"allow":["GET"]}}],"collection":[{"href":"https:\/\/www.frateschi.com.br\/site\/wp-json\/wp\/v2\/pages"}],"about":[{"href":"https:\/\/www.frateschi.com.br\/site\/wp-json\/wp\/v2\/types\/page"}],"author":[{"embeddable":true,"href":"https:\/\/www.frateschi.com.br\/site\/wp-json\/wp\/v2\/users\/1"}],"replies":[{"embeddable":true,"href":"https:\/\/www.frateschi.com.br\/site\/wp-json\/wp\/v2\/comments?post=3501"}],"version-history":[{"count":7,"href":"https:\/\/www.frateschi.com.br\/site\/wp-json\/wp\/v2\/pages\/3501\/revisions"}],"predecessor-version":[{"id":4841,"href":"https:\/\/www.frateschi.com.br\/site\/wp-json\/wp\/v2\/pages\/3501\/revisions\/4841"}],"wp:attachment":[{"href":"https:\/\/www.frateschi.com.br\/site\/wp-json\/wp\/v2\/media?parent=3501"}],"curies":[{"name":"wp","href":"https:\/\/api.w.org\/{rel}","templated":true}]}}