{"id":3487,"date":"2016-06-17T14:59:28","date_gmt":"2016-06-17T17:59:28","guid":{"rendered":"http:\/\/www.frateschi.com.br\/web\/trem-eletrico\/?lang=es"},"modified":"2023-06-23T15:11:27","modified_gmt":"2023-06-23T18:11:27","slug":"trem-eletrico","status":"publish","type":"page","link":"https:\/\/www.frateschi.com.br\/site\/trem-eletrico\/?lang=es","title":{"rendered":"Trem El\u00e9trico"},"content":{"rendered":"\n<h1>\n\t\tProductos > Tren Eletrico\n\t<\/h1>\n\t<p><img loading=\"lazy\" decoding=\"async\" src=\"http:\/\/www.frateschi.com.br\/web\/wp-content\/uploads\/2016\/06\/caixabasica2-1.jpg\" alt=\"caixabasica2-1\" width=\"259\" height=\"399\" \/>El modelo del ferrocarril &#8211; El modelo de tren es la pr\u00e1ctica de recoger man\u00eda de trenes en miniatura y esto permite que la &#8220;maqueta&#8221; construir escenarios y dise\u00f1ar sus propias composiciones.<\/p>\n<p>El trabajo es jugar y tren el\u00e9ctrico del ni\u00f1o como un &#8220;juguete&#8221; debe ser visto como un producto diferenciado, ya que permite al ni\u00f1o o joven, imaginar y pensar de manera racional, l\u00f3gico e intuitivo. Tambi\u00e9n se sabe que es en la infancia que el ni\u00f1o recibe los est\u00edmulos que hacen que un ser humano diferente en el futuro.<\/p>\n<p>Los valores &#8211; Creemos que las relaciones humanas importantes como la interacci\u00f3n &#8220;padre e hijo&#8221;, &#8220;abuelo y nietos&#8221;, &#8220;amigos&#8221; para resistir y crecer en momentos simples y la relajaci\u00f3n como la pr\u00e1ctica del ferrocarril modelo.<\/p>\n<p>Mi primer Tren El\u00e9ctrico &#8211; El Frateschi pone 9 modelos b\u00e1sicos de las cajas para que pueda iniciar su viaje. Cada uno de ellos tiene diferentes tipos de locomotoras y vagones. Sin embargo, todos vienen con los siguientes productos:<\/p>\n<p>&#8211; 1 Locomotora<br \/>&#8211; 3 vagones de carga \/ Turismos<br \/>&#8211; 1 carril recto (220 mm) &#8211; 4220<br \/>&#8211; Un enlace ferroviario del recto (220 mm) &#8211; 4220L<br \/>&#8211; 12 curvo (360mm x 30a-Ray) &#8211; 4188<br \/>&#8211; 1 Controle de Velocidad<\/p>\n\t<p><strong>9 TRENES DIFERENTES JUEGOS DISPONIBLES<\/strong><\/p>\n<table border=\"0\" width=\"100%\" cellspacing=\"3\" cellpadding=\"3\">\n<tbody>\n<tr>\n<td align=\"center\" bgcolor=\"#c0c0c0\" width=\"11%\" height=\"40\"><strong>REF.<\/strong><\/td>\n<td align=\"center\" bgcolor=\"#c0c0c0\" width=\"37%\"><strong>Descri\u00e7\u00e3o<\/strong><\/td>\n<td align=\"center\" bgcolor=\"#c0c0c0\" width=\"28%\"><strong>Ferrovia<\/strong><\/td>\n<td align=\"center\" bgcolor=\"#c0c0c0\" width=\"24%\"><strong>Loco \/ Vag\u00f5es \/ Carros<\/strong><\/td>\n<\/tr>\n<tr bgcolor=\"#F4F4F4\">\n<td align=\"center\" bgcolor=\"#F4F4F4\" height=\"40\">6504<\/td>\n<td align=\"center\">Expresso Tren de Prata<\/td>\n<td align=\"center\">MRS-RFFSA<\/td>\n<td align=\"center\">3032+2505+2506+2507<\/td>\n<\/tr>\n<tr bgcolor=\"#e0e0e0\">\n<td align=\"center\" height=\"40\">6505<\/td>\n<td align=\"center\">Expresso Santa Cruz<\/td>\n<td align=\"center\">RFFSA<\/td>\n<td align=\"center\">3008+2500+2501+2504<\/td>\n<\/tr>\n<tr bgcolor=\"#F4F4F4\">\n<td align=\"center\" height=\"40\">6508<\/td>\n<td align=\"center\">Tren de Passajeros Antiguo<\/td>\n<td align=\"center\">D&amp;RG<\/td>\n<td align=\"center\">3032+2615+2x 2616<\/td>\n<\/tr>\n<tr bgcolor=\"#e0e0e0\">\n<td align=\"center\" height=\"40\">6510<\/td>\n<td align=\"center\">Tren de Passajeros Antiguo<\/td>\n<td align=\"center\">EFCB<\/td>\n<td align=\"center\">3010+2490+2x 2491<\/td>\n<\/tr>\n<tr bgcolor=\"#F4F4F4\">\n<td align=\"center\" height=\"40\">6511<\/td>\n<td align=\"center\">Tren Carguero<\/td>\n<td align=\"center\">RFFSA<\/td>\n<td align=\"center\">3001+2017+2076+2025<\/td>\n<\/tr>\n<tr bgcolor=\"#e0e0e0\">\n<td align=\"center\" height=\"40\">6512<\/td>\n<td align=\"center\">Tren Carguero<\/td>\n<td align=\"center\">FEPASA<\/td>\n<td align=\"center\">3002+2024+2069+2020<\/td>\n<\/tr>\n<tr bgcolor=\"#F4F4F4\">\n<td align=\"center\" height=\"40\">6520<\/td>\n<td align=\"center\">Tren Carguero<\/td>\n<td align=\"center\">ALL<\/td>\n<td align=\"center\">3044+2074+2063+2067<\/td>\n<\/tr>\n<tr bgcolor=\"#e0e0e0\">\n<td align=\"center\" height=\"40\">6522<\/td>\n<td align=\"center\">Tren Carguero<\/td>\n<td align=\"center\">MRS<\/td>\n<td align=\"center\">3032+3x 2100<\/td>\n<\/tr>\n<tr bgcolor=\"#F4F4F4\">\n<td align=\"center\" height=\"40\">6526<\/td>\n<td align=\"center\">Tren Carguero<\/td>\n<td align=\"center\">RUMO<\/td>\n<td align=\"center\">G12+3x 2087<\/td>\n<\/tr>\n<\/tbody>\n<\/table>\n\t<p>C\u00f3mo aumentar Mi Tren El\u00e9ctrico &#8211; Despu\u00e9s de haber adquirido el cuadro b\u00e1sico de su primer tren el\u00e9ctrico y comenz\u00f3 a vivir el modelo de ferrocarril debe aumentar y ampliar su ruta. Para ello, el Frateschi ofrece cajas de expansi\u00f3n &#8220;a medida&#8221; para que no pierda su tiempo e invertir de forma equilibrada sus recursos. Ellos son: el carril cajas afici\u00f3n que componen el sistema A, B, C. .<\/p>\n<p>Su montaje de trenes &#8211; Frateschi ofrece una serie de edificios para montar como casas, casas, puentes, cabinas, etc. Son ricos detalles que har\u00e1n que su modelo de una ciudad real.<\/p>\n<p>INTRODUCCI\u00d3N &#8211; M\u00e1s informaci\u00f3n sobre nuestras publicaciones de ayuda para novatos modelador que son, ABC modelo de ferrocarril y ferrocarriles para construir el edificio, que se puede adquirir en los distribuidores Frateschi, encontrar el m\u00e1s cercano a usted. <a href=\"https:\/\/www.frateschi.com.br\/web\/onde-comprar\/?lang=es\">Haga clic aqu\u00ed<\/a>.<\/p>\n<p>Viaje con nosotros !!!<\/p>\n\t<p><strong><img loading=\"lazy\" decoding=\"async\" src=\"http:\/\/www.frateschi.com.br\/web\/wp-content\/uploads\/2016\/06\/hobbytrilho1.jpg\" alt=\"hobbytrilho1\" width=\"250\" height=\"251\" \/>LAS ALTERNATIVAS DE EXPANSION PARA SU PRIMERA MAQUETA<\/strong><\/p>\n<p>Estas cajas de vias son la mejor alternativa para los principiantes, y posibilitan la expansi\u00f3n de su primera maqueta, de manera pr\u00e1ctica y f\u00e1cil. Usted deber\u00e1 comenzar siempre con las CAJAS BASICAS. Las cajas contienen todo el material necessario, excepto los controles de velocidad, que deber\u00e1n ser adquiridos aparte cuando sea necesario.<\/p>\n<p>Usted podr\u00e1 elegir las cajas HOBBY TRILHO de acuerdo con las dimensiones y posibilidades de operaci\u00f3n de la maqueta que usted desea construir, y recuerde que podr\u00e1 hacerto paso a paso, ampliando una caja por vez. Elija una de las siete alternativas aqui mostradas \u00f3 experimente otros proyectos, de acuerdo con las descripciones del manual de maquetas: FERROVIAS PARA VOC\u00ca CONSTRUIR.<\/p>\n\t\t\t\t<img decoding=\"async\" src=\"http:\/\/www.frateschi.com.br\/web\/wp-content\/uploads\/2016\/06\/hobbytrilho002.jpg\" alt=\"hobbytrilho002\" itemprop=\"image\" title=\"hobbytrilho002\" onerror=\"this.style.display='none'\"  \/>\n\t<p><a href=\"http:\/\/www.frateschi.com.br\/web\/maquete-abc\/?lang=es\"><strong>Vea La Maqueta A + B + C<\/strong> <\/a><br \/>6405 &#8211; CAJA &#8220;A&#8221; <br \/>6406 &#8211; CAJA &#8220;B&#8221; <br \/>6407 &#8211; CAJA &#8220;C&#8221;<\/p>\n\t\t\t\t<img decoding=\"async\" src=\"http:\/\/www.frateschi.com.br\/web\/wp-content\/uploads\/2016\/06\/hobbytrilho001.jpg\" alt=\"hobbytrilho001\" itemprop=\"image\" title=\"hobbytrilho001\" onerror=\"this.style.display='none'\"  \/>\n<h4>\n\t\tGaler\u00eda de Fotos\n\t<\/h4>\n\n","protected":false},"excerpt":{"rendered":"<p>Productos > Tren Eletrico El modelo del ferrocarril &#8211; El modelo de tren es la pr\u00e1ctica de recoger man\u00eda de trenes en miniatura y esto permite que la &#8220;maqueta&#8221; construir escenarios y dise\u00f1ar sus propias composiciones. El trabajo es jugar y tren el\u00e9ctrico del ni\u00f1o como un &#8220;juguete&#8221; debe ser visto como un producto diferenciado,&hellip;<\/p>\n","protected":false},"author":1,"featured_media":0,"parent":0,"menu_order":0,"comment_status":"closed","ping_status":"closed","template":"","meta":{"_joinchat":[],"footnotes":""},"class_list":["post-3487","page","type-page","status-publish","hentry"],"_links":{"self":[{"href":"https:\/\/www.frateschi.com.br\/site\/wp-json\/wp\/v2\/pages\/3487","targetHints":{"allow":["GET"]}}],"collection":[{"href":"https:\/\/www.frateschi.com.br\/site\/wp-json\/wp\/v2\/pages"}],"about":[{"href":"https:\/\/www.frateschi.com.br\/site\/wp-json\/wp\/v2\/types\/page"}],"author":[{"embeddable":true,"href":"https:\/\/www.frateschi.com.br\/site\/wp-json\/wp\/v2\/users\/1"}],"replies":[{"embeddable":true,"href":"https:\/\/www.frateschi.com.br\/site\/wp-json\/wp\/v2\/comments?post=3487"}],"version-history":[{"count":11,"href":"https:\/\/www.frateschi.com.br\/site\/wp-json\/wp\/v2\/pages\/3487\/revisions"}],"predecessor-version":[{"id":6041,"href":"https:\/\/www.frateschi.com.br\/site\/wp-json\/wp\/v2\/pages\/3487\/revisions\/6041"}],"wp:attachment":[{"href":"https:\/\/www.frateschi.com.br\/site\/wp-json\/wp\/v2\/media?parent=3487"}],"curies":[{"name":"wp","href":"https:\/\/api.w.org\/{rel}","templated":true}]}}