{"id":3479,"date":"2016-02-05T13:09:42","date_gmt":"2016-02-05T16:09:42","guid":{"rendered":"http:\/\/www.frateschi.com.br\/web\/publicacoes\/?lang=es"},"modified":"2023-09-01T13:44:21","modified_gmt":"2023-09-01T16:44:21","slug":"publicacoes","status":"publish","type":"page","link":"https:\/\/www.frateschi.com.br\/site\/publicacoes\/?lang=es","title":{"rendered":"Publica\u00e7\u00f5es"},"content":{"rendered":"\n<h1>\n\t\tFrateschi > Publica\u00e7\u00f5es\n\t<\/h1>\n\t<p>A partir do momento que voc\u00ea adquire seu primeiro trem b\u00e1sico, a\u00a0<b>FRATESCHI<\/b>\u00a0passa a orientar seus primeiros passos, at\u00e9 que voc\u00ea se torne um ferreomodelista experiente.<\/p>\n\t\t\t\t<img decoding=\"async\" src=\"http:\/\/www.frateschi.com.br\/web\/wp-content\/uploads\/2016\/02\/public_catalogo2008.jpg\" alt=\"public_catalogo2008\" itemprop=\"image\" title=\"public_catalogo2008\" onerror=\"this.style.display='none'\"  \/>\n\t<p><strong>1. CAT\u00c1LOGO FRATESCHI:<\/strong><br \/>Mantenha-se atualizado atrav\u00e9s do cat\u00e1logo FRATESCHI.<\/p>\n\t\t\t<a href=\"http:\/\/online.fliphtml5.com\/tdjr\/ozkg\/\" target=\"_blank\" rel=\"noopener\">\n\t\t\t\t\t\t\tClique aqui para acessar o Cat\u00e1logo Virtual!\n\t\t\t\t\t<\/a>\n\t\t\t\t<img decoding=\"async\" src=\"http:\/\/www.frateschi.com.br\/web\/wp-content\/uploads\/2016\/02\/pub_abc.jpg\" alt=\"pub_abc\" itemprop=\"image\" title=\"pub_abc\" onerror=\"this.style.display='none'\"  \/>\n\t<p><strong>2. ABC DO FERREOMODELISMO:<\/strong><br \/>Publica\u00e7\u00e3o ideal para sanar as d\u00favidas que surgem antes do &#8220;Ferrovias para voc\u00ea construir&#8221;. Por exemplo: Quantos vag\u00f5es uma locomotiva pode puxar?<br \/>Como colocar duas locomotivas na mesma linha. At\u00e9 quantos metros se pode ampliar a linha, com um \u00fanico controlador?.<br \/>O sonho da primeira maquete, etc&#8230;<\/p>\n\t\t\t<a href=\"http:\/\/www.frateschi.com.br\/web\/wp-content\/uploads\/2016\/12\/ABC-Ferreomodelismo-Frateschi.pdf\" target=\"_blank\" rel=\"noopener\">\n\t\t\t\t\t\t\tClique aqui para fazer o download!\n\t\t\t\t\t<\/a>\n\t\t\t\t<img decoding=\"async\" src=\"http:\/\/www.frateschi.com.br\/web\/wp-content\/uploads\/2016\/02\/pub_ferroviascontr.jpg\" alt=\"pub_ferroviascontr\" itemprop=\"image\" title=\"pub_ferroviascontr\" onerror=\"this.style.display='none'\"  \/>\n\t<p><strong>3. FERROVIAS PARA VOC\u00ca CONSTRUIR:<\/strong> <br \/>\u00c9 um manual de inicia\u00e7\u00e3o a constru\u00e7\u00e3o de maquetes ferrov\u00e1rias, com 16 projetos completos, lista de material necess\u00e1rio, al\u00e9m de ensinar as t\u00e9cnicas de constru\u00e7\u00e3o de tablado de madeira, assentamento de trilhos, instala\u00e7\u00e3o el\u00e9trica, cen\u00e1rio, etc&#8230;<\/p>\n\t\t\t<a href=\"http:\/\/www.frateschi.com.br\/web\/wp-content\/uploads\/2016\/12\/Ferrovias-Frateschi.pdf\" target=\"_blank\" rel=\"noopener\">\n\t\t\t\t\t\t\tClique aqui para fazer o download!\n\t\t\t\t\t<\/a>\n\t\t\t\t<img decoding=\"async\" src=\"http:\/\/www.frateschi.com.br\/web\/wp-content\/uploads\/2016\/02\/dvd_novo.jpg\" alt=\"dvd_novo\" itemprop=\"image\" title=\"dvd_novo\" onerror=\"this.style.display='none'\"  \/>\n\t<p><strong>4. DVD<\/strong><br \/>Mostra em 24 min, a montagem completa, passo a passo, da maquete A+B+C, do sistema hobby trilho, mostrando todas as dicas sobre a prepara\u00e7\u00e3o do tablado, assentamento dos trilhos, instala\u00e7\u00e3o el\u00e9trica, cen\u00e1rio, etc&#8230;<br \/>Essencial para os ferreomodelistas iniciantes, o v\u00eddeo tem a garantia de quem conhece o assunto: a FRATESCHI.<\/p>\n\t\t\t<a href=\"https:\/\/www.youtube.com\/user\/TrensFrateschi\" target=\"_blank\" rel=\"noopener\">\n\t\t\t\t\t\t\tClique aqui e assista agora, gr\u00e1tis no Youtube!\n\t\t\t\t\t<\/a>\n<h3>\n\t\tPublicidade\n\t<\/h3>\n\t<p><strong><img loading=\"lazy\" decoding=\"async\" src=\"http:\/\/www.frateschi.com.br\/web\/wp-content\/uploads\/2016\/02\/logo-magicamaquetes.jpg\" alt=\"logo-magicamaquetes\" width=\"180\" height=\"92\" \/>Maquetes<\/strong><br \/>Rua Dr. Francisco de Paiva Carvalho, 78<br \/>Tel. (11) 2619.8115<br \/><a href=\"_wp_link_placeholder\">www.magicamaquetes.com.br<\/a><\/p>\n\t<p><strong>Aten\u00e7\u00e3o:<\/strong> Para visualizar as Publica\u00e7\u00f5es voc\u00ea dever\u00e1 ter instalado o Adobe Acrobat Reader, caso n\u00e3o o tenha <a href=\"_wp_link_placeholder\">clique aqui<\/a> para fazer o download.<\/p>\n\n","protected":false},"excerpt":{"rendered":"<p>Frateschi > Publica\u00e7\u00f5es A partir do momento que voc\u00ea adquire seu primeiro trem b\u00e1sico, a\u00a0FRATESCHI\u00a0passa a orientar seus primeiros passos, at\u00e9 que voc\u00ea se torne um ferreomodelista experiente. 1. CAT\u00c1LOGO FRATESCHI:Mantenha-se atualizado atrav\u00e9s do cat\u00e1logo FRATESCHI. Clique aqui para acessar o Cat\u00e1logo Virtual! 2. ABC DO FERREOMODELISMO:Publica\u00e7\u00e3o ideal para sanar as d\u00favidas que surgem antes&hellip;<\/p>\n","protected":false},"author":1,"featured_media":0,"parent":0,"menu_order":0,"comment_status":"closed","ping_status":"closed","template":"","meta":{"_joinchat":[],"footnotes":""},"class_list":["post-3479","page","type-page","status-publish","hentry"],"_links":{"self":[{"href":"https:\/\/www.frateschi.com.br\/site\/wp-json\/wp\/v2\/pages\/3479","targetHints":{"allow":["GET"]}}],"collection":[{"href":"https:\/\/www.frateschi.com.br\/site\/wp-json\/wp\/v2\/pages"}],"about":[{"href":"https:\/\/www.frateschi.com.br\/site\/wp-json\/wp\/v2\/types\/page"}],"author":[{"embeddable":true,"href":"https:\/\/www.frateschi.com.br\/site\/wp-json\/wp\/v2\/users\/1"}],"replies":[{"embeddable":true,"href":"https:\/\/www.frateschi.com.br\/site\/wp-json\/wp\/v2\/comments?post=3479"}],"version-history":[{"count":9,"href":"https:\/\/www.frateschi.com.br\/site\/wp-json\/wp\/v2\/pages\/3479\/revisions"}],"predecessor-version":[{"id":6046,"href":"https:\/\/www.frateschi.com.br\/site\/wp-json\/wp\/v2\/pages\/3479\/revisions\/6046"}],"wp:attachment":[{"href":"https:\/\/www.frateschi.com.br\/site\/wp-json\/wp\/v2\/media?parent=3479"}],"curies":[{"name":"wp","href":"https:\/\/api.w.org\/{rel}","templated":true}]}}