{"id":2777,"date":"2016-08-09T16:11:28","date_gmt":"2016-08-09T19:11:28","guid":{"rendered":"http:\/\/www.frateschi.com.br\/web\/?page_id=2777"},"modified":"2026-05-01T09:24:45","modified_gmt":"2026-05-01T12:24:45","slug":"vagoes-de-carga-isotermicos","status":"publish","type":"page","link":"https:\/\/www.frateschi.com.br\/site\/vagoes-de-carga-isotermicos\/","title":{"rendered":"Vag\u00f5es de Carga Isot\u00e9rmicos"},"content":{"rendered":"\n<h1>\n\t\t\tProdutos > Vag\u00f5es de Carga >\t<\/h1>\n<h1>\n\t\t\tIsot\u00e9rmicos\t<\/h1>\n<figure itemscope itemtype=\"https:\/\/schema.org\/ImageObject\">\n\t\t\t\t<img decoding=\"async\" src=\"https:\/\/www.frateschi.com.br\/site\/wp-content\/uploads\/2026\/05\/banner-isotermico2605.jpg\" alt=\"\" height=\"400\" width=\"1050\" onerror=\"this.style.display='none'\" loading=\"lazy\" \/>\n\t<\/figure>\n\t<h1>Comprar Agora!<\/h1>\n\t\t\t<a href=\"https:\/\/www.frateschi.com.br\/site\/onde-comprar\/\"  target=\"_blank\" rel=\"noopener\"    rel=\"noopener\">\n\t\t\t\t\t\tEncontre um Revendedor\n\t\t\t\t\t<\/a>\n\t\t\t<a href=\"https:\/\/www.lojadafrateschi.com.br\/\"  target=\"_blank\" rel=\"noopener\"    rel=\"noopener\">\n\t\t\t\t\t\tLoja da Frateschi\n\t\t\t\t\t<\/a>\n<h1>\n\t\t<a href=\"https:\/\/www.frateschi.com.br\/site\/todos-produtos\/vagoes-de-carga\/\" title=\"&lt; voltar para Vag\u00f5es de Carga\"  target=\"_self\">\n\t\t\t< voltar para Vag\u00f5es de Carga\t\t<\/a>\n\t<\/h1>\n\n","protected":false},"excerpt":{"rendered":"<p>Produtos > Vag\u00f5es de Carga > Isot\u00e9rmicos Comprar Agora! Encontre um Revendedor Loja da Frateschi < voltar para Vag\u00f5es de Carga\n<\/p>\n","protected":false},"author":1,"featured_media":0,"parent":0,"menu_order":0,"comment_status":"closed","ping_status":"closed","template":"","meta":{"_joinchat":[],"footnotes":""},"class_list":["post-2777","page","type-page","status-publish","hentry"],"_links":{"self":[{"href":"https:\/\/www.frateschi.com.br\/site\/wp-json\/wp\/v2\/pages\/2777","targetHints":{"allow":["GET"]}}],"collection":[{"href":"https:\/\/www.frateschi.com.br\/site\/wp-json\/wp\/v2\/pages"}],"about":[{"href":"https:\/\/www.frateschi.com.br\/site\/wp-json\/wp\/v2\/types\/page"}],"author":[{"embeddable":true,"href":"https:\/\/www.frateschi.com.br\/site\/wp-json\/wp\/v2\/users\/1"}],"replies":[{"embeddable":true,"href":"https:\/\/www.frateschi.com.br\/site\/wp-json\/wp\/v2\/comments?post=2777"}],"version-history":[{"count":12,"href":"https:\/\/www.frateschi.com.br\/site\/wp-json\/wp\/v2\/pages\/2777\/revisions"}],"predecessor-version":[{"id":15092,"href":"https:\/\/www.frateschi.com.br\/site\/wp-json\/wp\/v2\/pages\/2777\/revisions\/15092"}],"wp:attachment":[{"href":"https:\/\/www.frateschi.com.br\/site\/wp-json\/wp\/v2\/media?parent=2777"}],"curies":[{"name":"wp","href":"https:\/\/api.w.org\/{rel}","templated":true}]}}