{"id":2711,"date":"2016-07-19T16:18:20","date_gmt":"2016-07-19T19:18:20","guid":{"rendered":"http:\/\/www.frateschi.com.br\/web\/?page_id=2711"},"modified":"2023-11-16T15:07:20","modified_gmt":"2023-11-16T18:07:20","slug":"locomotiva-u20c-ex","status":"publish","type":"page","link":"https:\/\/www.frateschi.com.br\/site\/locomotiva-u20c-ex\/","title":{"rendered":"Locomotiva U20C-ex"},"content":{"rendered":"\n<h1>\n\t\tProdutos > Locomotivas > U20C\n\t<\/h1>\n\t\t\t\t<img loading=\"lazy\" decoding=\"async\" src=\"https:\/\/www.frateschi.com.br\/web\/wp-content\/uploads\/2020\/10\/2010-banner-u20c.jpg\" alt=\"2010-banner-u20c\" itemprop=\"image\" height=\"371\" width=\"550\" title=\"2010-banner-u20c\" onerror=\"this.style.display='none'\"  \/>\n\t<p>A locomotiva\u00a0<b>U-20-C<\/b>\u00a0foi escolhida pela\u00a0<strong>FRATESCHI<\/strong>\u00a0devido \u00e0 sua crescente popularidade nas ferrovias brasileiras, durante os \u00faltimos dez anos.<\/p>\n<p>Assim como a G-12 da General Motors foi considerada, em 1956, como a escolha ideal para as ferrovias de pa\u00edses em desenvolvimento devido \u00e0 sua sua rela\u00e7\u00e3o favor\u00e1vel entre custo e desempenho, a\u00a0<b>U-20-C<\/b>\u00a0tornou-se uma destas locomotivas de aplica\u00e7\u00e3o geral, usadas em bitolas que variam de 1,00m a 1,67m, tanto para servi\u00e7o de passageiros como de carga, mas n\u00e3o recomendada para manobras em p\u00e1tios.<\/p>\n<p>A maioria destas locomotivas foram fabricadas na unidade brasileira de General Electric, em Campinas (SP), e fornecidas para as ferrovias brasileiras, ou exportadas para Mo\u00e7ambique, Jord\u00e2nia, Angola, Bol\u00edvia, etc.. As locomotivas\u00a0<b>U-20-C<\/b>\u00a0fabricadas nos E.U.A. foram tamb\u00e9m exportadas para a Col\u00f4mbia, Angola. Mo\u00e7ambique, Rod\u00e9sia, Paquist\u00e3o, etc.<\/p>\n\t\t\t<a href=\"https:\/\/www.frateschi.com.br\/web\/locomotivas\/\" target=\"_self\" rel=\"noopener\">\n\t\t\t\t\t\tVOLTAR\n\t\t\t\t\t<\/a>\n\t\t<h3>Pe\u00e7a sua Locomotiva U20C agora na loja da Frateschi<\/h3>\n\t\t\t<a href=\"http:\/\/www.lojadafrateschi.com.br\/locomotivas-diesel-eletricas\" target=\"_blank\" rel=\"noopener\">\n\t\t\t\t\t\tComprar\n\t\t\t\t\t<\/a>\n\n","protected":false},"excerpt":{"rendered":"<p>Produtos > Locomotivas > U20C A locomotiva\u00a0U-20-C\u00a0foi escolhida pela\u00a0FRATESCHI\u00a0devido \u00e0 sua crescente popularidade nas ferrovias brasileiras, durante os \u00faltimos dez anos. Assim como a G-12 da General Motors foi considerada, em 1956, como a escolha ideal para as ferrovias de pa\u00edses em desenvolvimento devido \u00e0 sua sua rela\u00e7\u00e3o favor\u00e1vel entre custo e desempenho, a\u00a0U-20-C\u00a0tornou-se uma&hellip;<\/p>\n","protected":false},"author":1,"featured_media":0,"parent":0,"menu_order":0,"comment_status":"closed","ping_status":"closed","template":"","meta":{"_joinchat":[],"footnotes":""},"class_list":["post-2711","page","type-page","status-publish","hentry"],"_links":{"self":[{"href":"https:\/\/www.frateschi.com.br\/site\/wp-json\/wp\/v2\/pages\/2711","targetHints":{"allow":["GET"]}}],"collection":[{"href":"https:\/\/www.frateschi.com.br\/site\/wp-json\/wp\/v2\/pages"}],"about":[{"href":"https:\/\/www.frateschi.com.br\/site\/wp-json\/wp\/v2\/types\/page"}],"author":[{"embeddable":true,"href":"https:\/\/www.frateschi.com.br\/site\/wp-json\/wp\/v2\/users\/1"}],"replies":[{"embeddable":true,"href":"https:\/\/www.frateschi.com.br\/site\/wp-json\/wp\/v2\/comments?post=2711"}],"version-history":[{"count":15,"href":"https:\/\/www.frateschi.com.br\/site\/wp-json\/wp\/v2\/pages\/2711\/revisions"}],"predecessor-version":[{"id":7382,"href":"https:\/\/www.frateschi.com.br\/site\/wp-json\/wp\/v2\/pages\/2711\/revisions\/7382"}],"wp:attachment":[{"href":"https:\/\/www.frateschi.com.br\/site\/wp-json\/wp\/v2\/media?parent=2711"}],"curies":[{"name":"wp","href":"https:\/\/api.w.org\/{rel}","templated":true}]}}