{"id":2697,"date":"2016-07-19T16:12:05","date_gmt":"2016-07-19T19:12:05","guid":{"rendered":"http:\/\/www.frateschi.com.br\/web\/?page_id=2697"},"modified":"2023-11-16T15:07:07","modified_gmt":"2023-11-16T18:07:07","slug":"locomotiva-fa-1-ex","status":"publish","type":"page","link":"https:\/\/www.frateschi.com.br\/site\/locomotiva-fa-1-ex\/","title":{"rendered":"Locomotiva FA-1-ex"},"content":{"rendered":"\n<h1>\n\t\tProdutos > Locomotivas > FA-1\n\t<\/h1>\n\t\t\t\t<img decoding=\"async\" src=\"http:\/\/www.frateschi.com.br\/web\/wp-content\/uploads\/2016\/07\/banner-fa1.jpg\" alt=\"banner-fa1\" itemprop=\"image\" title=\"banner-fa1\" onerror=\"this.style.display='none'\"  \/>\n\t<p>A\u00a0<b>FA-1<\/b>\u00a0data do in\u00edcio da d\u00e9cada de 40, quando a American Locomotive Co. (ALCO), decidiu produzir uma locomotiva capaz de competir com a vers\u00e3o FT da General Motors.<\/p>\n<p>O projeto do motor original de 1350 HP foi desativado at\u00e9 1944 por causa da 2\u00aa Guerra Mundial. Infelizmente, ap\u00f3s os primeiros testes, foram detectados muitos problemas t\u00e9cnicos no super-alimentador do turbo e no virabrequim do motor, o que fez com que fosse imediatamente iniciado um novo projeto, o chamado &#8220;244&#8221;, capaz de desenvolver 1500 HP.\u00a0<\/p>\n<p>Os tr\u00eas primeiros prot\u00f3tipos constru\u00eddos com este novo motor, deram origem \u00e0 conhecida\u00a0<b>FA-1<\/b>.<br \/>O estilista industrial Ray Stevenson, foi quem delineou a forma externa geral, e as primeiras 37 locomotivas puderam ser vendidas \u00e0 Gulf Mobile &amp; Oil Co.<\/p>\n<p>A\u00a0<b>FA-1<\/b>\u00a0foi modificada de sua vers\u00e3o original DL-208 para DL-208A, DL-208B para DL-208C, e posteriormente foi continuada com a vers\u00e3o FA-2.<\/p>\n<p>As primeiras doze locomotivas exportadas vieram para a E.F. Central do Brasil, durante os meses de Maio e Junho de 1948, e foram usadas para puxar os trens de passageiros Santa Cruz e Vera Cruz, entre Rio de Janeiro e S\u00e3o Paulo e entre Rio de Janeiro e Belo Horizonte.<\/p>\n\t\t\t<a href=\"https:\/\/www.frateschi.com.br\/web\/locomotivas\/\" target=\"_self\" rel=\"noopener\">\n\t\t\t\t\t\tVOLTAR\n\t\t\t\t\t<\/a>\n\t\t<h3>Pe\u00e7a sua Locomotiva FA-1 agora na loja da Frateschi<\/h3>\n\t\t\t<a href=\"http:\/\/www.lojadafrateschi.com.br\/locomotivas-diesel-eletricas\" target=\"_blank\" rel=\"noopener\">\n\t\t\t\t\t\tComprar\n\t\t\t\t\t<\/a>\n\n","protected":false},"excerpt":{"rendered":"<p>Produtos > Locomotivas > FA-1 A\u00a0FA-1\u00a0data do in\u00edcio da d\u00e9cada de 40, quando a American Locomotive Co. (ALCO), decidiu produzir uma locomotiva capaz de competir com a vers\u00e3o FT da General Motors. O projeto do motor original de 1350 HP foi desativado at\u00e9 1944 por causa da 2\u00aa Guerra Mundial. Infelizmente, ap\u00f3s os primeiros testes,&hellip;<\/p>\n","protected":false},"author":1,"featured_media":0,"parent":0,"menu_order":0,"comment_status":"closed","ping_status":"closed","template":"","meta":{"_joinchat":[],"footnotes":""},"class_list":["post-2697","page","type-page","status-publish","hentry"],"_links":{"self":[{"href":"https:\/\/www.frateschi.com.br\/site\/wp-json\/wp\/v2\/pages\/2697","targetHints":{"allow":["GET"]}}],"collection":[{"href":"https:\/\/www.frateschi.com.br\/site\/wp-json\/wp\/v2\/pages"}],"about":[{"href":"https:\/\/www.frateschi.com.br\/site\/wp-json\/wp\/v2\/types\/page"}],"author":[{"embeddable":true,"href":"https:\/\/www.frateschi.com.br\/site\/wp-json\/wp\/v2\/users\/1"}],"replies":[{"embeddable":true,"href":"https:\/\/www.frateschi.com.br\/site\/wp-json\/wp\/v2\/comments?post=2697"}],"version-history":[{"count":9,"href":"https:\/\/www.frateschi.com.br\/site\/wp-json\/wp\/v2\/pages\/2697\/revisions"}],"predecessor-version":[{"id":7381,"href":"https:\/\/www.frateschi.com.br\/site\/wp-json\/wp\/v2\/pages\/2697\/revisions\/7381"}],"wp:attachment":[{"href":"https:\/\/www.frateschi.com.br\/site\/wp-json\/wp\/v2\/media?parent=2697"}],"curies":[{"name":"wp","href":"https:\/\/api.w.org\/{rel}","templated":true}]}}