{"id":2678,"date":"2016-07-19T15:31:00","date_gmt":"2016-07-19T18:31:00","guid":{"rendered":"http:\/\/www.frateschi.com.br\/web\/?page_id=2678"},"modified":"2023-11-16T15:06:52","modified_gmt":"2023-11-16T18:06:52","slug":"locomotiva-g22-ex","status":"publish","type":"page","link":"https:\/\/www.frateschi.com.br\/site\/locomotiva-g22-ex\/","title":{"rendered":"Locomotiva G22-ex"},"content":{"rendered":"\n<h1>\n\t\tProdutos > Locomotivas > G22 \/ G22CU\n\t<\/h1>\n\t\t\t\t<img decoding=\"async\" src=\"http:\/\/www.frateschi.com.br\/web\/wp-content\/uploads\/2016\/07\/banner-g22.jpg\" alt=\"banner-g22\" itemprop=\"image\" title=\"banner-g22\" onerror=\"this.style.display='none'\"  \/>\n\t<p>As\u00a0<b>G-22U<\/b>\u00a0e a\u00a0<b>G22CU<\/b>\u00a0s\u00e3o as primeiras de uma s\u00e9rie de locomotivas para uso geral, fabricadas pela General Motors, como resultado de um aprimoramento das G-12. Elas tem maior pot\u00eancia e estilo construtivo de nariz baixo. Em 1984 haviam 129 destas locomotivas nas Divis\u00f5es Regional do Sul da Rede Ferrovi\u00e1ria Federal (RFFSA), operando nas fortes rampas do trecho Curitiba e Paranagu\u00e1, onde quatro destas locomotivas s\u00e3o acopladas para rebocar trens pesados, carregados com a\u00e7\u00facar, arroz, soja, combust\u00edveis.<\/p>\n<h3>\n\t\tCaracter\u00edsticas T\u00e9cnicas\n\t<\/h3>\n\t<p><strong>Pot\u00eancia:<\/strong> 1650 HP<br \/><strong>Disp. dos eixos:<\/strong> B-B<br \/><strong>Peso Total:<\/strong> 73 t<br \/><strong>Velocidade M\u00e1xima:<\/strong> 97 km\/h<br \/><strong>Rela\u00e7\u00e3o de Transmiss\u00e3o:<\/strong> 63:14<br \/><strong>Motor\u00a0Diesel:<\/strong> GM 645E (V-12)<br \/><strong>Esfor\u00e7o de Tra\u00e7\u00e3o:<\/strong> 15540 kg<\/p>\n\t\t\t<a href=\"https:\/\/www.frateschi.com.br\/web\/locomotivas\/\" target=\"_self\" rel=\"noopener\">\n\t\t\t\t\t\tVOLTAR\n\t\t\t\t\t<\/a>\n\t\t<h3>Pe\u00e7a sua Locomotiva G22 \/ G22CU agora na loja da Frateschi<\/h3>\n\t\t\t<a href=\"http:\/\/www.lojadafrateschi.com.br\/locomotivas-diesel-eletricas\" target=\"_blank\" rel=\"noopener\">\n\t\t\t\t\t\tComprar\n\t\t\t\t\t<\/a>\n\n","protected":false},"excerpt":{"rendered":"<p>Produtos > Locomotivas > G22 \/ G22CU As\u00a0G-22U\u00a0e a\u00a0G22CU\u00a0s\u00e3o as primeiras de uma s\u00e9rie de locomotivas para uso geral, fabricadas pela General Motors, como resultado de um aprimoramento das G-12. Elas tem maior pot\u00eancia e estilo construtivo de nariz baixo. Em 1984 haviam 129 destas locomotivas nas Divis\u00f5es Regional do Sul da Rede Ferrovi\u00e1ria Federal&hellip;<\/p>\n","protected":false},"author":1,"featured_media":0,"parent":0,"menu_order":0,"comment_status":"closed","ping_status":"closed","template":"","meta":{"_joinchat":[],"footnotes":""},"class_list":["post-2678","page","type-page","status-publish","hentry"],"_links":{"self":[{"href":"https:\/\/www.frateschi.com.br\/site\/wp-json\/wp\/v2\/pages\/2678","targetHints":{"allow":["GET"]}}],"collection":[{"href":"https:\/\/www.frateschi.com.br\/site\/wp-json\/wp\/v2\/pages"}],"about":[{"href":"https:\/\/www.frateschi.com.br\/site\/wp-json\/wp\/v2\/types\/page"}],"author":[{"embeddable":true,"href":"https:\/\/www.frateschi.com.br\/site\/wp-json\/wp\/v2\/users\/1"}],"replies":[{"embeddable":true,"href":"https:\/\/www.frateschi.com.br\/site\/wp-json\/wp\/v2\/comments?post=2678"}],"version-history":[{"count":13,"href":"https:\/\/www.frateschi.com.br\/site\/wp-json\/wp\/v2\/pages\/2678\/revisions"}],"predecessor-version":[{"id":7380,"href":"https:\/\/www.frateschi.com.br\/site\/wp-json\/wp\/v2\/pages\/2678\/revisions\/7380"}],"wp:attachment":[{"href":"https:\/\/www.frateschi.com.br\/site\/wp-json\/wp\/v2\/media?parent=2678"}],"curies":[{"name":"wp","href":"https:\/\/api.w.org\/{rel}","templated":true}]}}