{"id":2668,"date":"2016-07-19T15:01:11","date_gmt":"2016-07-19T18:01:11","guid":{"rendered":"http:\/\/www.frateschi.com.br\/web\/?page_id=2668"},"modified":"2023-11-16T15:06:20","modified_gmt":"2023-11-16T18:06:20","slug":"locomotiva-g12-a-1-a-ex","status":"publish","type":"page","link":"https:\/\/www.frateschi.com.br\/site\/locomotiva-g12-a-1-a-ex\/","title":{"rendered":"Locomotiva G12 A &#8211; 1 &#8211; Aex"},"content":{"rendered":"\n<h1>\n\t\tProdutos > Locomotivas > G12 A &#8211; 1 &#8211; A\n\t<\/h1>\n\t\t\t\t<img decoding=\"async\" src=\"http:\/\/www.frateschi.com.br\/web\/wp-content\/uploads\/2016\/07\/banner-g12.jpg\" alt=\"banner-g12\" itemprop=\"image\" title=\"banner-g12\" onerror=\"this.style.display='none'\"  \/>\n\t<p>Conforme a classifica\u00e7\u00e3o apresentada no livro ilustrado &#8220;A LOCOMOTIVA G-12&#8221;, de Jos\u00e9 Agenor S. Ferreira, esta \u00e9 a fase II destas locomotivas no Brasil.<\/p>\n<p>Fabricadas em 1957, estas locomotivas apresentam como maior diferen\u00e7a em rela\u00e7\u00e3o \u00e0s outras G-12, o truque de 3 eixos, sendo que a roda do centro, de di\u00e2metro menor, servia apenas para distribuir o peso da locomotiva, n\u00e3o sendo motorizada. Por isso, elas s\u00e3o classificadas como\u00a0<b>G-12 A-1-A<\/b>, ou seja, 3 eixos com eixo central livre.<\/p>\n<p>Foram adquiridas 20 locomotivas, que chegaram no Brasil em 1957, ainda quando a Via\u00e7\u00e3o F\u00e9rrea Rio Grande do Sul (FVRGS) n\u00e3o havia sido incorporada \u00e0 RFFSA. Mais tarde passaram para a RFFSA, conforme pintura do nosso modelo, e ainda mais tarde foram re-alocadas em outras regionais da RFFSA, tendo os truques sido trocados de A-1-A para truques B.<\/p>\n<p>O modelo da FRATESCHI tamb\u00e9m tem como diferencial o truque A-1-A, que foi construido conforme nosso mais recente padr\u00e3o de qualidade, com alt\u00edssima fidelidade aos detalhes do prot\u00f3tipo, e um funcionamento extremamente suave, com os volantes centralizados a um n\u00edvel de precis\u00e3o muito r\u00edgoroso, e a nova ilumina\u00e7\u00e3o por leds revers\u00edveis, de intensidade constante.<\/p>\n\t\t\t<a href=\"https:\/\/www.frateschi.com.br\/web\/locomotivas\/\" target=\"_self\" rel=\"noopener\">\n\t\t\t\t\t\tVOLTAR\n\t\t\t\t\t<\/a>\n\t\t<h3>Pe\u00e7a sua Locomotiva G12 A &#8211; 1 &#8211; A agora na loja da Frateschi<\/h3>\n\t\t\t<a href=\"http:\/\/www.lojadafrateschi.com.br\/locomotivas-diesel-eletricas\" target=\"_blank\" rel=\"noopener\">\n\t\t\t\t\t\tComprar\n\t\t\t\t\t<\/a>\n\n","protected":false},"excerpt":{"rendered":"<p>Produtos > Locomotivas > G12 A &#8211; 1 &#8211; A Conforme a classifica\u00e7\u00e3o apresentada no livro ilustrado &#8220;A LOCOMOTIVA G-12&#8221;, de Jos\u00e9 Agenor S. Ferreira, esta \u00e9 a fase II destas locomotivas no Brasil. Fabricadas em 1957, estas locomotivas apresentam como maior diferen\u00e7a em rela\u00e7\u00e3o \u00e0s outras G-12, o truque de 3 eixos, sendo que&hellip;<\/p>\n","protected":false},"author":1,"featured_media":0,"parent":0,"menu_order":0,"comment_status":"closed","ping_status":"closed","template":"","meta":{"_joinchat":[],"footnotes":""},"class_list":["post-2668","page","type-page","status-publish","hentry"],"_links":{"self":[{"href":"https:\/\/www.frateschi.com.br\/site\/wp-json\/wp\/v2\/pages\/2668","targetHints":{"allow":["GET"]}}],"collection":[{"href":"https:\/\/www.frateschi.com.br\/site\/wp-json\/wp\/v2\/pages"}],"about":[{"href":"https:\/\/www.frateschi.com.br\/site\/wp-json\/wp\/v2\/types\/page"}],"author":[{"embeddable":true,"href":"https:\/\/www.frateschi.com.br\/site\/wp-json\/wp\/v2\/users\/1"}],"replies":[{"embeddable":true,"href":"https:\/\/www.frateschi.com.br\/site\/wp-json\/wp\/v2\/comments?post=2668"}],"version-history":[{"count":10,"href":"https:\/\/www.frateschi.com.br\/site\/wp-json\/wp\/v2\/pages\/2668\/revisions"}],"predecessor-version":[{"id":7379,"href":"https:\/\/www.frateschi.com.br\/site\/wp-json\/wp\/v2\/pages\/2668\/revisions\/7379"}],"wp:attachment":[{"href":"https:\/\/www.frateschi.com.br\/site\/wp-json\/wp\/v2\/media?parent=2668"}],"curies":[{"name":"wp","href":"https:\/\/api.w.org\/{rel}","templated":true}]}}