{"id":2554,"date":"2016-07-16T13:01:37","date_gmt":"2016-07-16T16:01:37","guid":{"rendered":"http:\/\/www.frateschi.com.br\/web\/?page_id=2554"},"modified":"2023-11-16T15:03:02","modified_gmt":"2023-11-16T18:03:02","slug":"locomotiva-c30-7-ex","status":"publish","type":"page","link":"https:\/\/www.frateschi.com.br\/site\/locomotiva-c30-7-ex\/","title":{"rendered":"Locomotiva &#8211; C30-7-ex"},"content":{"rendered":"\n<h1>\n\t\tProdutos > Locomotivas > C30-7\n\t<\/h1>\n\t\t\t\t<img decoding=\"async\" src=\"http:\/\/www.frateschi.com.br\/web\/wp-content\/uploads\/2016\/07\/banner-c30-7.jpg\" alt=\"banner-c30-7\" itemprop=\"image\" title=\"banner-c30-7\" onerror=\"this.style.display='none'\"  \/>\n\t<p>At\u00e9 a d\u00e9cada de 70 a General Electric (GE) participava do mercado mundial com diversas locomotivas das s\u00e9ries chamadas &#8220;U&#8221; de Universal. No Brasil, as maiores locomotivas destas s\u00e9ries foram as U23C, com 2250HP de pot\u00eancia sendo que foram fabricadas 170 unidades em Campinas, entre 1972 e 1976. A evolu\u00e7\u00e3o das &#8220;U&#8221; continuou at\u00e9 as U36C quando a GE lan\u00e7ou um nova s\u00e9rie que recebeu o prefixo &#8220;C&#8221;, come\u00e7ando com a <strong>C30-7<\/strong>, que \u00e9 uma locomotiva de truques de 3 eixos, com 3000HP de pot\u00eancia, produzida no final da d\u00e9cada de 70.<\/p>\n<p>No Brasil foram produzidas 48 <strong>C30-7<\/strong>, sendo 41 unidades para a E.F. Caraj\u00e1s e 7 para a Cutrale Quintella, para operarem nas linhas da bitola larga da Fepasa. Com a possibilidade de importar locomotivas usadas, as nossas ferrovias come\u00e7aram a trazer centenas de <strong>C30-7<\/strong>, C36-7 e outras dos EUA. Em abril de 2007 o n\u00famero delas j\u00e1 ultrapassava 500 no Brasil. Trata-se de 2 locomotivas emblem\u00e1ticas e presentes em todas as ferrovias brasileiras nos tempos atuais.<\/p>\n\t\t\t<a href=\"https:\/\/www.frateschi.com.br\/web\/locomotivas\/\" target=\"_self\" rel=\"noopener\">\n\t\t\t\t\t\tVOLTAR\n\t\t\t\t\t<\/a>\n\t\t<h3>Pe\u00e7a sua Locomotiva C30-7 agora na loja da Frateschi<\/h3>\n\t\t\t<a href=\"http:\/\/www.lojadafrateschi.com.br\/locomotivas-diesel-eletricas\" target=\"_blank\" rel=\"noopener\">\n\t\t\t\t\t\tComprar\n\t\t\t\t\t<\/a>\n\n","protected":false},"excerpt":{"rendered":"<p>Produtos > Locomotivas > C30-7 At\u00e9 a d\u00e9cada de 70 a General Electric (GE) participava do mercado mundial com diversas locomotivas das s\u00e9ries chamadas &#8220;U&#8221; de Universal. No Brasil, as maiores locomotivas destas s\u00e9ries foram as U23C, com 2250HP de pot\u00eancia sendo que foram fabricadas 170 unidades em Campinas, entre 1972 e 1976. A evolu\u00e7\u00e3o&hellip;<\/p>\n","protected":false},"author":1,"featured_media":0,"parent":0,"menu_order":0,"comment_status":"closed","ping_status":"closed","template":"","meta":{"_joinchat":[],"footnotes":""},"class_list":["post-2554","page","type-page","status-publish","hentry"],"_links":{"self":[{"href":"https:\/\/www.frateschi.com.br\/site\/wp-json\/wp\/v2\/pages\/2554","targetHints":{"allow":["GET"]}}],"collection":[{"href":"https:\/\/www.frateschi.com.br\/site\/wp-json\/wp\/v2\/pages"}],"about":[{"href":"https:\/\/www.frateschi.com.br\/site\/wp-json\/wp\/v2\/types\/page"}],"author":[{"embeddable":true,"href":"https:\/\/www.frateschi.com.br\/site\/wp-json\/wp\/v2\/users\/1"}],"replies":[{"embeddable":true,"href":"https:\/\/www.frateschi.com.br\/site\/wp-json\/wp\/v2\/comments?post=2554"}],"version-history":[{"count":9,"href":"https:\/\/www.frateschi.com.br\/site\/wp-json\/wp\/v2\/pages\/2554\/revisions"}],"predecessor-version":[{"id":7372,"href":"https:\/\/www.frateschi.com.br\/site\/wp-json\/wp\/v2\/pages\/2554\/revisions\/7372"}],"wp:attachment":[{"href":"https:\/\/www.frateschi.com.br\/site\/wp-json\/wp\/v2\/media?parent=2554"}],"curies":[{"name":"wp","href":"https:\/\/api.w.org\/{rel}","templated":true}]}}