{"id":16,"date":"2015-05-09T14:05:51","date_gmt":"2015-05-09T17:05:51","guid":{"rendered":"http:\/\/www.frateschi.com.br\/web\/?page_id=16"},"modified":"2023-10-31T21:16:02","modified_gmt":"2023-11-01T00:16:02","slug":"fale-conosco","status":"publish","type":"page","link":"https:\/\/www.frateschi.com.br\/site\/fale-conosco\/","title":{"rendered":"Fale Conosco"},"content":{"rendered":"\n<h1>\n\t\tFale Conosco\n\t<\/h1>\n\t<p>Estamos sempre satisfeitos em recebe-lo aqui!! Se voc\u00ea possui alguma sugest\u00e3o, d\u00favida ou coment\u00e1rio sobre nossa linha de produtos ou mesmo outros assuntos, solicitamos que utilize o formul\u00e1rio mais abaixo.<\/p>\n<p>Notas r\u00e1pidas:<\/p>\na) A FRATESCHI foi fundada em 1967 e possui suas atividades em Ribeir\u00e3o Preto, aproximadamente 360 Km da cidade de S\u00e3o Paulo.<br \/>\nb) N\u00e3o dispomos atualmente de um showroom ou exibi\u00e7\u00e3o de modelos em nossa empresa. No entanto, visitas ao ch\u00e3o de f\u00e1brica n\u00e3o s\u00e3o permitidas.<br \/>\nc) A FRATESCHI possui uma loja pr\u00f3pria virtual acesse\u00a0<a href=\"http:\/\/www.lojadafrateschi.com.br\/\" target=\"_blank\" rel=\"noopener\" data-saferedirecturl=\"https:\/\/www.google.com\/url?hl=pt-BR&amp;q=http:\/\/www.lojadafrateschi.com.br&amp;source=gmail&amp;ust=1510424047849000&amp;usg=AFQjCNHb83SXxDQbfgl8zqRjSFG7LDzB8w\">www.lojadafrateschi.com.br<\/a>. Voc\u00ea pode tamb\u00e9m encontrar nosso parceiro mais pr\u00f3ximo acessando:\u00a0<a href=\"https:\/\/www.frateschi.com.br\/site\/onde-comprar-brasil\/\" target=\"_blank\" rel=\"noopener\" data-saferedirecturl=\"https:\/\/www.google.com\/url?hl=pt-BR&amp;q=http:\/\/www.frateschi.com.br\/web\/onde-comprar-brasil\/&amp;source=gmail&amp;ust=1510424047849000&amp;usg=AFQjCNFZKY7bwGnrJ4iRCjyUvSAbdwKQ7w\">https:\/\/www.frateschi.com.br\/site\/onde-comprar-brasil\/<\/a><br \/>\nd) Devido ao volume de emails que recebemos diariamente pedimos at\u00e9 72 horas para responder as solicita\u00e7\u00f5es.\n<p>Agradecemos por nos prestigiar!<\/p>\n\t\n<div class=\"wpcf7 no-js\" id=\"wpcf7-f106-o1\" lang=\"pt-BR\" dir=\"ltr\" data-wpcf7-id=\"106\">\n<div class=\"screen-reader-response\"><p role=\"status\" aria-live=\"polite\" aria-atomic=\"true\"><\/p> <ul><\/ul><\/div>\n<form action=\"\/site\/wp-json\/wp\/v2\/pages\/16#wpcf7-f106-o1\" method=\"post\" class=\"wpcf7-form init\" aria-label=\"Formul\u00e1rios de contato\" novalidate=\"novalidate\" data-status=\"init\">\n<fieldset class=\"hidden-fields-container\"><input type=\"hidden\" name=\"_wpcf7\" value=\"106\" \/><input type=\"hidden\" name=\"_wpcf7_version\" value=\"6.1.5\" \/><input type=\"hidden\" name=\"_wpcf7_locale\" value=\"pt_BR\" \/><input type=\"hidden\" name=\"_wpcf7_unit_tag\" value=\"wpcf7-f106-o1\" \/><input type=\"hidden\" name=\"_wpcf7_container_post\" value=\"0\" \/><input type=\"hidden\" name=\"_wpcf7_posted_data_hash\" value=\"\" \/>\n<\/fieldset>\n<p>Nome:<br \/>\n<span class=\"wpcf7-form-control-wrap\" data-name=\"your-name\"><input size=\"40\" maxlength=\"400\" class=\"wpcf7-form-control wpcf7-text wpcf7-validates-as-required\" aria-required=\"true\" aria-invalid=\"false\" value=\"\" type=\"text\" name=\"your-name\" \/><\/span>\n<\/p>\n<p>E-mail:<br \/>\n<span class=\"wpcf7-form-control-wrap\" data-name=\"your-email\"><input size=\"40\" maxlength=\"400\" class=\"wpcf7-form-control wpcf7-email wpcf7-validates-as-required wpcf7-text wpcf7-validates-as-email\" aria-required=\"true\" aria-invalid=\"false\" value=\"\" type=\"email\" name=\"your-email\" \/><\/span>\n<\/p>\n<p>Telefone:<br \/>\n<span class=\"wpcf7-form-control-wrap\" data-name=\"your-tel\"><input size=\"40\" maxlength=\"400\" class=\"wpcf7-form-control wpcf7-text wpcf7-validates-as-required\" aria-required=\"true\" aria-invalid=\"false\" value=\"\" type=\"text\" name=\"your-tel\" \/><\/span>\n<\/p>\n<p>Endere\u00e7o:<br \/>\n<span class=\"wpcf7-form-control-wrap\" data-name=\"your-endereco\"><input size=\"40\" maxlength=\"400\" class=\"wpcf7-form-control wpcf7-text\" aria-invalid=\"false\" value=\"\" type=\"text\" name=\"your-endereco\" \/><\/span>\n<\/p>\n<p>Bairro:<br \/>\n<span class=\"wpcf7-form-control-wrap\" data-name=\"your-bairro\"><input size=\"40\" maxlength=\"400\" class=\"wpcf7-form-control wpcf7-text\" aria-invalid=\"false\" value=\"\" type=\"text\" name=\"your-bairro\" \/><\/span>\n<\/p>\n<p>Cidade:<br \/>\n<span class=\"wpcf7-form-control-wrap\" data-name=\"your-cidade\"><input size=\"40\" maxlength=\"400\" class=\"wpcf7-form-control wpcf7-text wpcf7-validates-as-required\" aria-required=\"true\" aria-invalid=\"false\" value=\"\" type=\"text\" name=\"your-cidade\" \/><\/span>\n<\/p>\n<p>Estado:<br \/>\n<span class=\"wpcf7-form-control-wrap\" data-name=\"your-estado\"><input size=\"40\" maxlength=\"400\" class=\"wpcf7-form-control wpcf7-text\" aria-invalid=\"false\" value=\"\" type=\"text\" name=\"your-estado\" \/><\/span>\n<\/p>\n<p>CEP:<br \/>\n<span class=\"wpcf7-form-control-wrap\" data-name=\"your-cep\"><input size=\"40\" maxlength=\"400\" class=\"wpcf7-form-control wpcf7-text\" aria-invalid=\"false\" value=\"\" type=\"text\" name=\"your-cep\" \/><\/span>\n<\/p>\n<p>Assunto:<br \/>\n<span class=\"wpcf7-form-control-wrap\" data-name=\"assunto\"><span class=\"wpcf7-form-control wpcf7-checkbox wpcf7-validates-as-required\"><span class=\"wpcf7-list-item first\"><input type=\"checkbox\" name=\"assunto[]\" value=\"Sou iniciante\" \/><span class=\"wpcf7-list-item-label\">Sou iniciante<\/span><\/span><span class=\"wpcf7-list-item\"><input type=\"checkbox\" name=\"assunto[]\" value=\"D\u00favida t\u00e9cnica\" \/><span class=\"wpcf7-list-item-label\">D\u00favida t\u00e9cnica<\/span><\/span><span class=\"wpcf7-list-item\"><input type=\"checkbox\" name=\"assunto[]\" value=\"Revenda Frateschi\" \/><span class=\"wpcf7-list-item-label\">Revenda Frateschi<\/span><\/span><span class=\"wpcf7-list-item\"><input type=\"checkbox\" name=\"assunto[]\" value=\"Sugest\u00f5es\" \/><span class=\"wpcf7-list-item-label\">Sugest\u00f5es<\/span><\/span><span class=\"wpcf7-list-item last\"><input type=\"checkbox\" name=\"assunto[]\" value=\"Outros\" \/><span class=\"wpcf7-list-item-label\">Outros<\/span><\/span><\/span><\/span>\n<\/p>\n<p>Mensagem:<br \/>\n<span class=\"wpcf7-form-control-wrap\" data-name=\"your-message\"><textarea cols=\"40\" rows=\"10\" maxlength=\"2000\" class=\"wpcf7-form-control wpcf7-textarea\" aria-invalid=\"false\" name=\"your-message\"><\/textarea><\/span>\n<\/p>\n<p><input class=\"wpcf7-form-control wpcf7-submit has-spinner\" type=\"submit\" value=\"Enviar\" \/>\n<\/p><div class=\"wpcf7-response-output\" aria-hidden=\"true\"><\/div>\n<\/form>\n<\/div>\n\n\n","protected":false},"excerpt":{"rendered":"<p>Fale Conosco Estamos sempre satisfeitos em recebe-lo aqui!! Se voc\u00ea possui alguma sugest\u00e3o, d\u00favida ou coment\u00e1rio sobre nossa linha de produtos ou mesmo outros assuntos, solicitamos que utilize o formul\u00e1rio mais abaixo. Notas r\u00e1pidas: a) A FRATESCHI foi fundada em 1967 e possui suas atividades em Ribeir\u00e3o Preto, aproximadamente 360 Km da cidade de S\u00e3o&hellip;<\/p>\n","protected":false},"author":1,"featured_media":0,"parent":0,"menu_order":0,"comment_status":"closed","ping_status":"closed","template":"","meta":{"_joinchat":[],"footnotes":""},"class_list":["post-16","page","type-page","status-publish","hentry"],"_links":{"self":[{"href":"https:\/\/www.frateschi.com.br\/site\/wp-json\/wp\/v2\/pages\/16","targetHints":{"allow":["GET"]}}],"collection":[{"href":"https:\/\/www.frateschi.com.br\/site\/wp-json\/wp\/v2\/pages"}],"about":[{"href":"https:\/\/www.frateschi.com.br\/site\/wp-json\/wp\/v2\/types\/page"}],"author":[{"embeddable":true,"href":"https:\/\/www.frateschi.com.br\/site\/wp-json\/wp\/v2\/users\/1"}],"replies":[{"embeddable":true,"href":"https:\/\/www.frateschi.com.br\/site\/wp-json\/wp\/v2\/comments?post=16"}],"version-history":[{"count":5,"href":"https:\/\/www.frateschi.com.br\/site\/wp-json\/wp\/v2\/pages\/16\/revisions"}],"predecessor-version":[{"id":7136,"href":"https:\/\/www.frateschi.com.br\/site\/wp-json\/wp\/v2\/pages\/16\/revisions\/7136"}],"wp:attachment":[{"href":"https:\/\/www.frateschi.com.br\/site\/wp-json\/wp\/v2\/media?parent=16"}],"curies":[{"name":"wp","href":"https:\/\/api.w.org\/{rel}","templated":true}]}}