{"id":14806,"date":"2016-02-05T13:05:55","date_gmt":"2016-02-05T16:05:55","guid":{"rendered":"https:\/\/www.frateschi.com.br\/site\/controles-e-ligacoes\/"},"modified":"2025-03-15T14:55:05","modified_gmt":"2025-03-15T17:55:05","slug":"controles-e-ligacoes","status":"publish","type":"page","link":"https:\/\/www.frateschi.com.br\/site\/controles-e-ligacoes\/","title":{"rendered":"Controles e Liga\u00e7\u00f5es"},"content":{"rendered":"\n<h1>\n\t\tAcess\u00f3rios > \n\t<\/h1>\n<h1>\n\t\tControles e Liga\u00e7\u00f5es\n\t<\/h1>\n\t\t\t\t<img decoding=\"async\" src=\"http:\/\/www.frateschi.com.br\/web\/wp-content\/uploads\/2016\/02\/5300gd.jpg\" alt=\"5300gd\" itemprop=\"image\" title=\"5300gd\" onerror=\"this.style.display='none'\"  \/>\n\t<p><strong>5300<\/strong> &#8211; O circuito eletr\u00f4nico deste aparelho foi desenvolvido visando um equil\u00edbrio entre baixo custo e m\u00e1ximo realismo nas velocidades ultra baixas de locomotivas. Possui indicador de sobrecarga e curto circuito.<\/p>\n<table border=\"0\" width=\"100%\" cellspacing=\"3\" cellpadding=\"3\">\n<tbody>\n<tr>\n<td colspan=\"2\" align=\"center\" bgcolor=\"#c0c0c0\" height=\"35\"><strong>Informa\u00e7\u00f5es<\/strong><\/td>\n<\/tr>\n<tr bgcolor=\"#F4F4F4\">\n<td align=\"center\" bgcolor=\"#F4F4F4\" width=\"50%\" height=\"35\">Pot\u00eancia<\/td>\n<td align=\"center\" width=\"50%\">30W<\/td>\n<\/tr>\n<tr bgcolor=\"#e0e0e0\">\n<td align=\"center\" height=\"35\">C.C<\/td>\n<td align=\"center\">0 &#8211; 15 V<\/td>\n<\/tr>\n<tr bgcolor=\"#F4F4F4\">\n<td align=\"center\" height=\"35\">C.A.<\/td>\n<td align=\"center\">15V<\/td>\n<\/tr>\n<tr bgcolor=\"#e0e0e0\">\n<td align=\"center\" height=\"35\">Dimens\u00f5es<\/td>\n<td align=\"center\">150x70x57 mm<\/td>\n<\/tr>\n<tr bgcolor=\"#F4F4F4\">\n<td align=\"center\" height=\"35\">Entrada<\/td>\n<td align=\"center\">100\/220V<\/td>\n<\/tr>\n<\/tbody>\n<\/table>\n\t<p><strong><img loading=\"lazy\" decoding=\"async\" src=\"http:\/\/www.frateschi.com.br\/web\/wp-content\/uploads\/2016\/02\/5000md.jpg\" alt=\"5000md\" width=\"250\" height=\"123\" \/><br \/>5000<\/strong> &#8211; Dispositivo eletr\u00f4nico para proteger as bobinas dos desvios contra super-aquecimento proveniente de uso inadequado. Basta um aparelho para cada maquete, podendo ser conectado a qualquer sistema j\u00e1 em funcionamento.<\/p>\n\t<p><img loading=\"lazy\" decoding=\"async\" src=\"http:\/\/www.frateschi.com.br\/web\/wp-content\/uploads\/2016\/02\/41652md.jpg\" alt=\"41652md\" width=\"260\" height=\"147\" \/><\/p>\n<p><strong>41652<\/strong> &#8211; Chave de comando dos desvios (4200\/4900).<\/p>\n<p><strong>45001<\/strong> &#8211; Chave de acionamento do virador de locomotivas.<\/p>\n<p><strong>41660<\/strong> &#8211; Interruptor unipolar para trechos isolados.<\/p>\n<p><strong>41661<\/strong> &#8211; Chave reversora de polaridade (H-H).<\/p>\n<p><strong>41654<\/strong> &#8211; Fio para liga\u00e7\u00e3o de maquetes &#8211; 15m. &#8211; verde<\/p>\n<p><strong>41655<\/strong> &#8211; Fio para liga\u00e7\u00e3o de maquetes &#8211; 15m. &#8211; amarelo<\/p>\n<p><strong>41656<\/strong> &#8211; Fio para liga\u00e7\u00e3o de maquetes &#8211; 15m. &#8211; vermelho<\/p>\n<p><strong>41657<\/strong> &#8211; Fio para liga\u00e7\u00e3o de maquetes &#8211; 15m. &#8211; preto<\/p>\n<p><strong>41658<\/strong> &#8211; Talas de jun\u00e7\u00e3o de liga\u00e7\u00e3o, com fio vermelho (6p\u00e7s).<\/p>\n<p><strong>41659<\/strong> &#8211; Talas de jun\u00e7\u00e3o de liga\u00e7\u00e3o, com fio preto (6p\u00e7s).<\/p>\n<p><strong>50030<\/strong> &#8211; Transformador de for\u00e7a para controlador 5300.<\/p>\n<p><strong>50031<\/strong> &#8211; Caixa de pl\u00e1stico para o controlador 5300.<\/p>\n\t\t<h3>Pe\u00e7a seus Controles e Liga\u00e7\u00f5es agora na loja da Frateschi<\/h3>\n\t\t\t<a href=\"http:\/\/www.lojadafrateschi.com.br\/controles-e-ligacoes\" target=\"_blank\" rel=\"noopener\">\n\t\t\t\t\t\tComprar\n\t\t\t\t\t<\/a>\n\n","protected":false},"excerpt":{"rendered":"<p>Acess\u00f3rios > Controles e Liga\u00e7\u00f5es 5300 &#8211; O circuito eletr\u00f4nico deste aparelho foi desenvolvido visando um equil\u00edbrio entre baixo custo e m\u00e1ximo realismo nas velocidades ultra baixas de locomotivas. Possui indicador de sobrecarga e curto circuito. Informa\u00e7\u00f5es Pot\u00eancia 30W C.C 0 &#8211; 15 V C.A. 15V Dimens\u00f5es 150x70x57 mm Entrada 100\/220V 5000 &#8211; Dispositivo eletr\u00f4nico&hellip;<\/p>\n","protected":false},"author":1,"featured_media":0,"parent":0,"menu_order":0,"comment_status":"closed","ping_status":"closed","template":"","meta":{"_joinchat":[],"footnotes":""},"class_list":["post-14806","page","type-page","status-publish","hentry"],"_links":{"self":[{"href":"https:\/\/www.frateschi.com.br\/site\/wp-json\/wp\/v2\/pages\/14806","targetHints":{"allow":["GET"]}}],"collection":[{"href":"https:\/\/www.frateschi.com.br\/site\/wp-json\/wp\/v2\/pages"}],"about":[{"href":"https:\/\/www.frateschi.com.br\/site\/wp-json\/wp\/v2\/types\/page"}],"author":[{"embeddable":true,"href":"https:\/\/www.frateschi.com.br\/site\/wp-json\/wp\/v2\/users\/1"}],"replies":[{"embeddable":true,"href":"https:\/\/www.frateschi.com.br\/site\/wp-json\/wp\/v2\/comments?post=14806"}],"version-history":[{"count":1,"href":"https:\/\/www.frateschi.com.br\/site\/wp-json\/wp\/v2\/pages\/14806\/revisions"}],"predecessor-version":[{"id":14812,"href":"https:\/\/www.frateschi.com.br\/site\/wp-json\/wp\/v2\/pages\/14806\/revisions\/14812"}],"wp:attachment":[{"href":"https:\/\/www.frateschi.com.br\/site\/wp-json\/wp\/v2\/media?parent=14806"}],"curies":[{"name":"wp","href":"https:\/\/api.w.org\/{rel}","templated":true}]}}