{"id":14547,"date":"2023-09-01T13:52:50","date_gmt":"2023-09-01T16:52:50","guid":{"rendered":"https:\/\/www.frateschi.com.br\/site\/todos-produtos\/"},"modified":"2024-06-24T17:46:39","modified_gmt":"2024-06-24T20:46:39","slug":"todos-produtos","status":"publish","type":"page","link":"https:\/\/www.frateschi.com.br\/site\/todos-produtos\/?lang=es","title":{"rendered":"Todos Produtos"},"content":{"rendered":"\n<h1>\n\t\tFrateschi >\n\t<\/h1>\n<h1>\n\t\tTodos Produtos (ESP)\n\t<\/h1>\n<h1>\n\t\tLocomotivas\n\t<\/h1>\n<h1>\n\t\tVag\u00f5es de Carga\n\t<\/h1>\n<h1>\n\t\tCarros de Passageiros\n\t<\/h1>\n<h1>\n\t\tKit&#8217;s\n\t<\/h1>\n<h1>\n\t\tAcess\u00f3rios\n\t<\/h1>\n\t<h1>Comprar Agora!<\/h1>\n\t\t\t<a href=\"#\" target=\"_self\" rel=\"noopener\">\n\t\t\t\t\t\tEncontre um Revendedor\n\t\t\t\t\t<\/a>\n\t\t\t<a href=\"#\" target=\"_self\" rel=\"noopener\">\n\t\t\t\t\t\tLoja da Frateschi\n\t\t\t\t\t<\/a>\n<h1>\n\t\t<a href=\"https:\/\/www.frateschi.com.br\/site\" title=\"&lt; voltar para p\u00e1gina inicial\" target=\"_self\" rel=\"noopener\">\n\t\t< voltar para p\u00e1gina inicial\n\t\t<\/a>\n\t<\/h1>\n\n","protected":false},"excerpt":{"rendered":"<p>Frateschi > Todos Produtos (ESP) Locomotivas Vag\u00f5es de Carga Carros de Passageiros Kit&#8217;s Acess\u00f3rios Comprar Agora! Encontre um Revendedor Loja da Frateschi < voltar para p\u00e1gina inicial\n<\/p>\n","protected":false},"author":1,"featured_media":0,"parent":0,"menu_order":0,"comment_status":"closed","ping_status":"closed","template":"","meta":{"_joinchat":[],"footnotes":""},"class_list":["post-14547","page","type-page","status-publish","hentry"],"_links":{"self":[{"href":"https:\/\/www.frateschi.com.br\/site\/wp-json\/wp\/v2\/pages\/14547","targetHints":{"allow":["GET"]}}],"collection":[{"href":"https:\/\/www.frateschi.com.br\/site\/wp-json\/wp\/v2\/pages"}],"about":[{"href":"https:\/\/www.frateschi.com.br\/site\/wp-json\/wp\/v2\/types\/page"}],"author":[{"embeddable":true,"href":"https:\/\/www.frateschi.com.br\/site\/wp-json\/wp\/v2\/users\/1"}],"replies":[{"embeddable":true,"href":"https:\/\/www.frateschi.com.br\/site\/wp-json\/wp\/v2\/comments?post=14547"}],"version-history":[{"count":2,"href":"https:\/\/www.frateschi.com.br\/site\/wp-json\/wp\/v2\/pages\/14547\/revisions"}],"predecessor-version":[{"id":14553,"href":"https:\/\/www.frateschi.com.br\/site\/wp-json\/wp\/v2\/pages\/14547\/revisions\/14553"}],"wp:attachment":[{"href":"https:\/\/www.frateschi.com.br\/site\/wp-json\/wp\/v2\/media?parent=14547"}],"curies":[{"name":"wp","href":"https:\/\/api.w.org\/{rel}","templated":true}]}}