{"id":14058,"date":"2023-09-01T13:45:19","date_gmt":"2023-09-01T16:45:19","guid":{"rendered":"https:\/\/www.frateschi.com.br\/site\/publicacoes-frateschi\/"},"modified":"2023-12-19T15:39:31","modified_gmt":"2023-12-19T18:39:31","slug":"publicacoes-frateschi","status":"publish","type":"page","link":"https:\/\/www.frateschi.com.br\/site\/publicacoes-frateschi\/?lang=es","title":{"rendered":"Publica\u00e7\u00f5es Frateschi"},"content":{"rendered":"\n<h1>\n\t\tFrateschi >\n\t<\/h1>\n<h1>\n\t\tPublica\u00e7\u00f5es\n\t<\/h1>\n\t<p>A partir do momento que voc\u00ea adquire seu primeiro trem b\u00e1sico, a\u00a0<b>FRATESCHI<\/b>\u00a0passa a orientar seus primeiros passos, at\u00e9 que voc\u00ea se torne um ferreomodelista experiente.<\/p>\n\t\t\t\t<img decoding=\"async\" src=\"http:\/\/www.frateschi.com.br\/web\/wp-content\/uploads\/2016\/02\/public_catalogo2008.jpg\" alt=\"Cat\u00e1logo Frateschi\" itemprop=\"image\" title=\"Cat\u00e1logo Frateschi\" onerror=\"this.style.display='none'\"  \/>\n\t<p><strong>1. CAT\u00c1LOGO FRATESCHI:<\/strong><br \/>Mantenha-se atualizado atrav\u00e9s do cat\u00e1logo FRATESCHI.<\/p>\n\t\t\t<a href=\"http:\/\/online.fliphtml5.com\/tdjr\/ozkg\/\" target=\"_blank\" rel=\"noopener\">\n\t\t\t\t\t\t\tClique aqui para acessar o Cat\u00e1logo Virtual!\n\t\t\t\t\t<\/a>\n\t\t\t\t<img decoding=\"async\" src=\"http:\/\/www.frateschi.com.br\/web\/wp-content\/uploads\/2016\/02\/pub_abc.jpg\" alt=\"pub_abc\" itemprop=\"image\" title=\"pub_abc\" onerror=\"this.style.display='none'\"  \/>\n\t<p><strong>2. ABC DO FERREOMODELISMO:<\/strong><br \/>Publica\u00e7\u00e3o ideal para sanar as d\u00favidas que surgem antes do &#8220;Ferrovias para voc\u00ea construir&#8221;. Por exemplo: Quantos vag\u00f5es uma locomotiva pode puxar?<br \/>Como colocar duas locomotivas na mesma linha. At\u00e9 quantos metros se pode ampliar a linha, com um \u00fanico controlador?.<br \/>O sonho da primeira maquete, etc&#8230;<\/p>\n\t\t\t<a href=\"http:\/\/www.frateschi.com.br\/web\/wp-content\/uploads\/2016\/12\/ABC-Ferreomodelismo-Frateschi.pdf\" target=\"_blank\" rel=\"noopener\">\n\t\t\t\t\t\t\tClique aqui para fazer o download!\n\t\t\t\t\t<\/a>\n\t\t\t\t<img decoding=\"async\" src=\"http:\/\/www.frateschi.com.br\/web\/wp-content\/uploads\/2016\/02\/pub_ferroviascontr.jpg\" alt=\"pub_ferroviascontr\" itemprop=\"image\" title=\"pub_ferroviascontr\" onerror=\"this.style.display='none'\"  \/>\n\t<p><strong>3. FERROVIAS PARA VOC\u00ca CONSTRUIR:<\/strong> <br \/>\u00c9 um manual de inicia\u00e7\u00e3o a constru\u00e7\u00e3o de maquetes ferrov\u00e1rias, com 16 projetos completos, lista de material necess\u00e1rio, al\u00e9m de ensinar as t\u00e9cnicas de constru\u00e7\u00e3o de tablado de madeira, assentamento de trilhos, instala\u00e7\u00e3o el\u00e9trica, cen\u00e1rio, etc&#8230;<\/p>\n\t\t\t<a href=\"http:\/\/www.frateschi.com.br\/web\/wp-content\/uploads\/2016\/12\/Ferrovias-Frateschi.pdf\" target=\"_blank\" rel=\"noopener\">\n\t\t\t\t\t\t\tClique aqui para fazer o download!\n\t\t\t\t\t<\/a>\n\n","protected":false},"excerpt":{"rendered":"<p>Frateschi > Publica\u00e7\u00f5es A partir do momento que voc\u00ea adquire seu primeiro trem b\u00e1sico, a\u00a0FRATESCHI\u00a0passa a orientar seus primeiros passos, at\u00e9 que voc\u00ea se torne um ferreomodelista experiente. 1. CAT\u00c1LOGO FRATESCHI:Mantenha-se atualizado atrav\u00e9s do cat\u00e1logo FRATESCHI. Clique aqui para acessar o Cat\u00e1logo Virtual! 2. ABC DO FERREOMODELISMO:Publica\u00e7\u00e3o ideal para sanar as d\u00favidas que surgem antes&hellip;<\/p>\n","protected":false},"author":1,"featured_media":0,"parent":0,"menu_order":0,"comment_status":"closed","ping_status":"closed","template":"","meta":{"_joinchat":[],"footnotes":""},"class_list":["post-14058","page","type-page","status-publish","hentry"],"_links":{"self":[{"href":"https:\/\/www.frateschi.com.br\/site\/wp-json\/wp\/v2\/pages\/14058","targetHints":{"allow":["GET"]}}],"collection":[{"href":"https:\/\/www.frateschi.com.br\/site\/wp-json\/wp\/v2\/pages"}],"about":[{"href":"https:\/\/www.frateschi.com.br\/site\/wp-json\/wp\/v2\/types\/page"}],"author":[{"embeddable":true,"href":"https:\/\/www.frateschi.com.br\/site\/wp-json\/wp\/v2\/users\/1"}],"replies":[{"embeddable":true,"href":"https:\/\/www.frateschi.com.br\/site\/wp-json\/wp\/v2\/comments?post=14058"}],"version-history":[{"count":1,"href":"https:\/\/www.frateschi.com.br\/site\/wp-json\/wp\/v2\/pages\/14058\/revisions"}],"predecessor-version":[{"id":14060,"href":"https:\/\/www.frateschi.com.br\/site\/wp-json\/wp\/v2\/pages\/14058\/revisions\/14060"}],"wp:attachment":[{"href":"https:\/\/www.frateschi.com.br\/site\/wp-json\/wp\/v2\/media?parent=14058"}],"curies":[{"name":"wp","href":"https:\/\/api.w.org\/{rel}","templated":true}]}}